{"id":633,"date":"2014-09-11T13:50:43","date_gmt":"2014-09-11T13:50:43","guid":{"rendered":"http:\/\/www.tedejrt.hu\/?page_id=633"},"modified":"2021-07-14T11:51:49","modified_gmt":"2021-07-14T11:51:49","slug":"lovaglas","status":"publish","type":"page","link":"https:\/\/www.tedejrt.hu\/?page_id=633","title":{"rendered":"Lovagl\u00e1s"},"content":{"rendered":"\n<div class=\"wp-block-image\"><figure class=\"alignleft size-large is-resized\"><img loading=\"lazy\" decoding=\"async\" src=\"http:\/\/www.tedejrt.hu\/wp-content\/uploads\/Lovagl\u0430si-lehetoseg3-1.jpg\" alt=\"\" class=\"wp-image-1165\" width=\"160\" height=\"213\"\/><\/figure><\/div>\n\n\n\n<p>Lovagl\u00e1si lehet\u0151s\u00e9g Tedejen a Fedeles Lovard\u00e1ban!<\/p>\n\n\n\n<p>El\u0151zetes egyeztet\u00e9s \u00e9s b\u0151vebb felvil\u00e1gos\u00edt\u00e1s Kom\u00e1romi Ren\u00e1ta lovasoktat\u00f3t\u00f3l k\u00e9rhet\u0151 a +36 20\u00a0988 7044 telefonsz\u00e1mon!<\/p>\n\n\n\n<p><\/p>\n\n\n\n<p><\/p>\n\n\n\n<p>\u00c1raink:<\/p>\n\n\n\n<ul class=\"wp-block-list\"><li>Fut\u00f3sz\u00e1ras lovagl\u00e1s: 2000Ft\/30perc<\/li><li>\u00d6n\u00e1ll\u00f3 lovagl\u00e1s, oszt\u00e1lylovagl\u00e1s: 2400Ft\/40perc<\/li><li>Ismerked\u00e9s a l\u00f3val: 1000 Ft\/ 30perc<\/li><li>Tereplovagl\u00e1s b\u00e9relt l\u00f3val: 4000Ft\/\u00f3ra<\/li><\/ul>\n","protected":false},"excerpt":{"rendered":"<p>Lovagl\u00e1si lehet\u0151s\u00e9g Tedejen a Fedeles Lovard\u00e1ban! El\u0151zetes egyeztet\u00e9s \u00e9s b\u0151vebb felvil\u00e1gos\u00edt\u00e1s Kom\u00e1romi Ren\u00e1ta lovasoktat\u00f3t\u00f3l k\u00e9rhet\u0151 a +36 20\u00a0988 7044 telefonsz\u00e1mon! \u00c1raink: Fut\u00f3sz\u00e1ras lovagl\u00e1s: 2000Ft\/30perc \u00d6n\u00e1ll\u00f3 lovagl\u00e1s, oszt\u00e1lylovagl\u00e1s: 2400Ft\/40perc Ismerked\u00e9s a l\u00f3val: 1000 Ft\/ 30perc Tereplovagl\u00e1s b\u00e9relt l\u00f3val: 4000Ft\/\u00f3ra<\/p>\n","protected":false},"author":3,"featured_media":0,"parent":509,"menu_order":0,"comment_status":"closed","ping_status":"open","template":"","meta":{"footnotes":""},"class_list":["post-633","page","type-page","status-publish","hentry"],"_links":{"self":[{"href":"https:\/\/www.tedejrt.hu\/index.php?rest_route=\/wp\/v2\/pages\/633","targetHints":{"allow":["GET"]}}],"collection":[{"href":"https:\/\/www.tedejrt.hu\/index.php?rest_route=\/wp\/v2\/pages"}],"about":[{"href":"https:\/\/www.tedejrt.hu\/index.php?rest_route=\/wp\/v2\/types\/page"}],"author":[{"embeddable":true,"href":"https:\/\/www.tedejrt.hu\/index.php?rest_route=\/wp\/v2\/users\/3"}],"replies":[{"embeddable":true,"href":"https:\/\/www.tedejrt.hu\/index.php?rest_route=%2Fwp%2Fv2%2Fcomments&post=633"}],"version-history":[{"count":18,"href":"https:\/\/www.tedejrt.hu\/index.php?rest_route=\/wp\/v2\/pages\/633\/revisions"}],"predecessor-version":[{"id":1168,"href":"https:\/\/www.tedejrt.hu\/index.php?rest_route=\/wp\/v2\/pages\/633\/revisions\/1168"}],"up":[{"embeddable":true,"href":"https:\/\/www.tedejrt.hu\/index.php?rest_route=\/wp\/v2\/pages\/509"}],"wp:attachment":[{"href":"https:\/\/www.tedejrt.hu\/index.php?rest_route=%2Fwp%2Fv2%2Fmedia&parent=633"}],"curies":[{"name":"wp","href":"https:\/\/api.w.org\/{rel}","templated":true}]}}