{"id":494,"date":"2012-02-27T12:01:37","date_gmt":"2012-02-27T12:01:37","guid":{"rendered":"http:\/\/www.tedejrt.hu\/?page_id=494"},"modified":"2021-07-14T08:54:17","modified_gmt":"2021-07-14T08:54:17","slug":"szaritas","status":"publish","type":"page","link":"https:\/\/www.tedejrt.hu\/?page_id=494","title":{"rendered":"Szemes term\u00e9nysz\u00e1r\u00edt\u00e1s"},"content":{"rendered":"<p style=\"text-align: justify;\">A szemes term\u00e9nysz\u00e1r\u00edt\u00f3 \u00fczem\u00fcnkben, a t\u00e9rs\u00e9gben a legkedvez\u0151bb d\u00edjakon tudjuk a k\u00f6rny\u00e9kr\u0151l besz\u00e1ll\u00edtott term\u00e9nyeket tiszt\u00edtani, sz\u00e1r\u00edtani, t\u00e1rolni. Az ut\u00f3tiszt\u00edt\u00f3val is ell\u00e1tott energia \u00e9s k\u00f6lts\u00e9ghat\u00e9kony fekv\u0151sz\u00e1r\u00edt\u00f3ink nedvess\u00e9gt\u0151l f\u00fcgg\u0151en napi kb. 800 tonna szemes term\u00e9nyt tudnak gazdas\u00e1gosan lesz\u00e1r\u00edtani, tiszt\u00edtani.<\/p>\n<p style=\"text-align: justify;\">Jelentkezni lehet \u00edr\u00e1sban a 4085 Hajd\u00fan\u00e1n\u00e1s-Tedej, F\u0151 \u00fat 9. c\u00edmen vagy a +36 52 570-504 telefonsz\u00e1mon.<\/p>\n","protected":false},"excerpt":{"rendered":"<p>A szemes term\u00e9nysz\u00e1r\u00edt\u00f3 \u00fczem\u00fcnkben, a t\u00e9rs\u00e9gben a legkedvez\u0151bb d\u00edjakon tudjuk a k\u00f6rny\u00e9kr\u0151l besz\u00e1ll\u00edtott term\u00e9nyeket tiszt\u00edtani, sz\u00e1r\u00edtani, t\u00e1rolni. Az ut\u00f3tiszt\u00edt\u00f3val is ell\u00e1tott energia \u00e9s k\u00f6lts\u00e9ghat\u00e9kony fekv\u0151sz\u00e1r\u00edt\u00f3ink nedvess\u00e9gt\u0151l f\u00fcgg\u0151en napi kb. 800 tonna szemes term\u00e9nyt tudnak gazdas\u00e1gosan lesz\u00e1r\u00edtani, tiszt\u00edtani. Jelentkezni lehet \u00edr\u00e1sban a 4085 Hajd\u00fan\u00e1n\u00e1s-Tedej, F\u0151 \u00fat 9. c\u00edmen vagy a +36 52 570-504 telefonsz\u00e1mon.<\/p>\n","protected":false},"author":3,"featured_media":0,"parent":509,"menu_order":1,"comment_status":"closed","ping_status":"open","template":"","meta":{"footnotes":""},"class_list":["post-494","page","type-page","status-publish","hentry"],"_links":{"self":[{"href":"https:\/\/www.tedejrt.hu\/index.php?rest_route=\/wp\/v2\/pages\/494","targetHints":{"allow":["GET"]}}],"collection":[{"href":"https:\/\/www.tedejrt.hu\/index.php?rest_route=\/wp\/v2\/pages"}],"about":[{"href":"https:\/\/www.tedejrt.hu\/index.php?rest_route=\/wp\/v2\/types\/page"}],"author":[{"embeddable":true,"href":"https:\/\/www.tedejrt.hu\/index.php?rest_route=\/wp\/v2\/users\/3"}],"replies":[{"embeddable":true,"href":"https:\/\/www.tedejrt.hu\/index.php?rest_route=%2Fwp%2Fv2%2Fcomments&post=494"}],"version-history":[{"count":8,"href":"https:\/\/www.tedejrt.hu\/index.php?rest_route=\/wp\/v2\/pages\/494\/revisions"}],"predecessor-version":[{"id":632,"href":"https:\/\/www.tedejrt.hu\/index.php?rest_route=\/wp\/v2\/pages\/494\/revisions\/632"}],"up":[{"embeddable":true,"href":"https:\/\/www.tedejrt.hu\/index.php?rest_route=\/wp\/v2\/pages\/509"}],"wp:attachment":[{"href":"https:\/\/www.tedejrt.hu\/index.php?rest_route=%2Fwp%2Fv2%2Fmedia&parent=494"}],"curies":[{"name":"wp","href":"https:\/\/api.w.org\/{rel}","templated":true}]}}