{"id":492,"date":"2012-02-27T12:00:13","date_gmt":"2012-02-27T12:00:13","guid":{"rendered":"http:\/\/www.tedejrt.hu\/?page_id=492"},"modified":"2021-07-14T08:54:17","modified_gmt":"2021-07-14T08:54:17","slug":"szallitas","status":"publish","type":"page","link":"https:\/\/www.tedejrt.hu\/?page_id=492","title":{"rendered":"Sz\u00e1ll\u00edt\u00e1s"},"content":{"rendered":"<p>A k\u00f6vetkez\u0151 g\u00e9pj\u00e1rm\u0171vekkel tudunk szolg\u00e1ltat\u00e1sokat v\u00e1llalni:<\/p>\n<ul>\n<li>Homlokrakod\u00f3k (JCB 416S \u00e9s Fiat Hitachi FR130)<\/li>\n<li>Kitol\u00f3g\u00e9mes rakod\u00f3g\u00e9p (JCB 531\/70)<\/li>\n<li>L\u00e1ncos kotr\u00f3g\u00e9pek r\u00f6vid \u00e9s hossz\u00fa g\u00e9mmel (JCB LR220 \u00e9s Fiat Hitachi FH130.3)<\/li>\n<li>Gumikerekes forg\u00f3-kotr\u00f3 g\u00e9p (JCB JS 145W)<\/li>\n<li>Univerz\u00e1lis rakod\u00f3-kotr\u00f3 (JCB 3CX)<\/li>\n<li>Daru (IFA ADK-70 \u2013 7 tonna teherb\u00edr\u00e1s)<\/li>\n<li>Tr\u00e9ler (18 tonna teherb\u00edr\u00e1s)<\/li>\n<li>H\u0171t\u0151kocsik (IVECO dobozos \u00e9s Mercedes Actros dobozos szerelv\u00e9ny 21,5 tonna sz\u00e1ll\u00edt\u00e1si kapacit\u00e1s, nemzetk\u00f6zi fuvaroz\u00e1s, FRB, FRC vizsga)<\/li>\n<li>G\u00e9pj\u00e1rm\u0171szerelv\u00e9nyek (4 db Renault Kerax 22-23 tonna kapacit\u00e1s\u00fa ponyv\u00e1s szerelv\u00e9ny)<\/li>\n<li>Gyorstraktorok (2 db 220 LE JCB gyorstraktor 2-2 db 14 tonna sz\u00e1ll\u00edt\u00f3kapacit\u00e1s\u00fa p\u00f3tkocsival)<\/li>\n<li>Szem\u00e9lysz\u00e1ll\u00edt\u00e1s (15-45 f\u00e9r\u0151helyes buszokkal)<\/li>\n<\/ul>\n","protected":false},"excerpt":{"rendered":"<p>A k\u00f6vetkez\u0151 g\u00e9pj\u00e1rm\u0171vekkel tudunk szolg\u00e1ltat\u00e1sokat v\u00e1llalni: Homlokrakod\u00f3k (JCB 416S \u00e9s Fiat Hitachi FR130) Kitol\u00f3g\u00e9mes rakod\u00f3g\u00e9p (JCB 531\/70) L\u00e1ncos kotr\u00f3g\u00e9pek r\u00f6vid \u00e9s hossz\u00fa g\u00e9mmel (JCB LR220 \u00e9s Fiat Hitachi FH130.3) Gumikerekes forg\u00f3-kotr\u00f3 g\u00e9p (JCB JS 145W) Univerz\u00e1lis rakod\u00f3-kotr\u00f3 (JCB 3CX) Daru (IFA ADK-70 \u2013 7 tonna teherb\u00edr\u00e1s) Tr\u00e9ler (18 tonna teherb\u00edr\u00e1s) H\u0171t\u0151kocsik (IVECO dobozos \u00e9s Mercedes [&hellip;]<\/p>\n","protected":false},"author":3,"featured_media":0,"parent":509,"menu_order":2,"comment_status":"closed","ping_status":"open","template":"","meta":{"footnotes":""},"class_list":["post-492","page","type-page","status-publish","hentry"],"_links":{"self":[{"href":"https:\/\/www.tedejrt.hu\/index.php?rest_route=\/wp\/v2\/pages\/492","targetHints":{"allow":["GET"]}}],"collection":[{"href":"https:\/\/www.tedejrt.hu\/index.php?rest_route=\/wp\/v2\/pages"}],"about":[{"href":"https:\/\/www.tedejrt.hu\/index.php?rest_route=\/wp\/v2\/types\/page"}],"author":[{"embeddable":true,"href":"https:\/\/www.tedejrt.hu\/index.php?rest_route=\/wp\/v2\/users\/3"}],"replies":[{"embeddable":true,"href":"https:\/\/www.tedejrt.hu\/index.php?rest_route=%2Fwp%2Fv2%2Fcomments&post=492"}],"version-history":[{"count":8,"href":"https:\/\/www.tedejrt.hu\/index.php?rest_route=\/wp\/v2\/pages\/492\/revisions"}],"predecessor-version":[{"id":706,"href":"https:\/\/www.tedejrt.hu\/index.php?rest_route=\/wp\/v2\/pages\/492\/revisions\/706"}],"up":[{"embeddable":true,"href":"https:\/\/www.tedejrt.hu\/index.php?rest_route=\/wp\/v2\/pages\/509"}],"wp:attachment":[{"href":"https:\/\/www.tedejrt.hu\/index.php?rest_route=%2Fwp%2Fv2%2Fmedia&parent=492"}],"curies":[{"name":"wp","href":"https:\/\/api.w.org\/{rel}","templated":true}]}}