{"id":473,"date":"2012-02-27T11:50:55","date_gmt":"2012-02-27T11:50:55","guid":{"rendered":"http:\/\/www.tedejrt.hu\/?page_id=473"},"modified":"2021-07-14T13:14:06","modified_gmt":"2021-07-14T13:14:06","slug":"rostos-leveink","status":"publish","type":"page","link":"https:\/\/www.tedejrt.hu\/?page_id=473","title":{"rendered":"Rostos leveink"},"content":{"rendered":"\n<figure class=\"wp-block-gallery columns-2 is-cropped wp-block-gallery-1 is-layout-flex wp-block-gallery-is-layout-flex\"><ul class=\"blocks-gallery-grid\"><li class=\"blocks-gallery-item\"><figure><img loading=\"lazy\" decoding=\"async\" width=\"603\" height=\"699\" src=\"http:\/\/www.tedejrt.hu\/wp-content\/uploads\/14.jpg\" alt=\"\" data-id=\"236\" data-full-url=\"http:\/\/www.tedejrt.hu\/wp-content\/uploads\/14.jpg\" data-link=\"http:\/\/www.tedejrt.hu\/?attachment_id=236\" class=\"wp-image-236\" srcset=\"https:\/\/www.tedejrt.hu\/wp-content\/uploads\/14.jpg 603w, https:\/\/www.tedejrt.hu\/wp-content\/uploads\/14-258x300.jpg 258w\" sizes=\"auto, (max-width: 603px) 100vw, 603px\" \/><figcaption class=\"blocks-gallery-item__caption\">Tedeji rostos almal\u00e9<\/figcaption><\/figure><\/li><li class=\"blocks-gallery-item\"><figure><img loading=\"lazy\" decoding=\"async\" width=\"630\" height=\"737\" src=\"http:\/\/www.tedejrt.hu\/wp-content\/uploads\/41.jpg\" alt=\"\" data-id=\"235\" data-full-url=\"http:\/\/www.tedejrt.hu\/wp-content\/uploads\/41.jpg\" data-link=\"http:\/\/www.tedejrt.hu\/?attachment_id=235\" class=\"wp-image-235\" srcset=\"https:\/\/www.tedejrt.hu\/wp-content\/uploads\/41.jpg 630w, https:\/\/www.tedejrt.hu\/wp-content\/uploads\/41-256x300.jpg 256w\" sizes=\"auto, (max-width: 630px) 100vw, 630px\" \/><figcaption class=\"blocks-gallery-item__caption\">Tedeji rostos meggyl\u00e9<\/figcaption><\/figure><\/li><li class=\"blocks-gallery-item\"><figure><img loading=\"lazy\" decoding=\"async\" width=\"606\" height=\"695\" src=\"http:\/\/www.tedejrt.hu\/wp-content\/uploads\/31.jpg\" alt=\"\" data-id=\"234\" data-full-url=\"http:\/\/www.tedejrt.hu\/wp-content\/uploads\/31.jpg\" data-link=\"http:\/\/www.tedejrt.hu\/?attachment_id=234\" class=\"wp-image-234\" srcset=\"https:\/\/www.tedejrt.hu\/wp-content\/uploads\/31.jpg 606w, https:\/\/www.tedejrt.hu\/wp-content\/uploads\/31-261x300.jpg 261w\" sizes=\"auto, (max-width: 606px) 100vw, 606px\" \/><figcaption class=\"blocks-gallery-item__caption\">Tedeji rostos s\u00e1rgar\u00e9pal\u00e9 alm\u00e1val<\/figcaption><\/figure><\/li><li class=\"blocks-gallery-item\"><figure><img loading=\"lazy\" decoding=\"async\" width=\"603\" height=\"699\" src=\"http:\/\/www.tedejrt.hu\/wp-content\/uploads\/23.jpg\" alt=\"\" data-id=\"233\" data-full-url=\"http:\/\/www.tedejrt.hu\/wp-content\/uploads\/23.jpg\" data-link=\"http:\/\/www.tedejrt.hu\/?attachment_id=233\" class=\"wp-image-233\" srcset=\"https:\/\/www.tedejrt.hu\/wp-content\/uploads\/23.jpg 603w, https:\/\/www.tedejrt.hu\/wp-content\/uploads\/23-258x300.jpg 258w\" sizes=\"auto, (max-width: 603px) 100vw, 603px\" \/><figcaption class=\"blocks-gallery-item__caption\">Tedeji rostos c\u00e9klal\u00e9 alm\u00e1val<\/figcaption><\/figure><\/li><\/ul><\/figure>\n\n\n<p style=\"text-align: justify;\"><strong>Poh\u00e1rral m\u00e9rt eg\u00e9szs\u00e9g!<\/strong><\/p>\n<p style=\"text-align: justify;\">100% nat\u00far iv\u00f3leveink, tart\u00f3s\u00edt\u00f3szert, mesters\u00e9ges sz\u00ednez\u00e9ket, egy\u00e9b adal\u00e9k-anyagokat nem tartalmaznak!<br \/>A term\u00e9k kiszerel\u00e9se: 3 literes \u00e9s 5 literes iv\u00f3l\u00e9 bag-in-box (zs\u00e1k a dobozban) kiszerel\u00e9sben<br \/>Az el\u0151\u00e1ll\u00edt\u00e1si elj\u00e1r\u00e1s r\u00f6vid le\u00edr\u00e1sa:<br \/>A fajt\u00e1nk\u00e9nt v\u00e1logatott, eg\u00e9szs\u00e9ges alm\u00e1t, meggyet, z\u00f6lds\u00e9geket alaposan megmossuk, dar\u00e1ljuk, pr\u00e9selj\u00fck. A nyers pr\u00e9slevet 6-8 \u00f3r\u00e1n \u00e1t \u00fclep\u00edtj\u00fck, majd a levet 78-82 oC fokon k\u00edm\u00e9letesen paszt\u00f6riz\u00e1ljuk, hogy a l\u00e9ben l\u00e9v\u0151 cukrok ne karamelliz\u00e1l\u00f3djanak, a feh\u00e9rj\u00e9k ne csap\u00f3djanak ki \u00e9s az \u00e9rt\u00e9kes \u00e1sv\u00e1nyi anyagok, vitaminok megmaradjanak, ugyanakkor a vesz\u00e9lyes mikroorganizmusok elpusztuljanak. Ezut\u00e1n iv\u00f3leveinket \u201ezs\u00e1k a dobozban\u201d (bag-in-boksz) elj\u00e1r\u00e1ssal, gramm pontoss\u00e1ggal csomagoljuk. A telet\u00f6lt\u00f6tt zs\u00e1kok a dobozba ker\u00fclnek, ahol a l\u00e9 lassan, fokozatosan egy nap alatt h\u0171l vissza szobah\u0151m\u00e9rs\u00e9kletre. A csomagol\u00e1si technol\u00f3gi\u00e1nak k\u00f6sz\u00f6nhet\u0151en iv\u00f3leveink k\u00f6nnyen \u00e9s gyorsan cseppmentesen kit\u00f6lthet\u0151k, a csapok a felbont\u00e1s ut\u00e1n is l\u00e9gmentesen z\u00e1rnak, \u00edgy az ital h\u0171t\u00e9s n\u00e9lk\u00fcl is minimum 3 h\u00e9tig fogyaszthat\u00f3. Eg\u00e9szs\u00e9g\u00fckre!<\/p>\n<p style=\"text-align: justify;\"><strong><a href=\"http:\/\/www.tedejrt.hu\/wp-content\/uploads\/Tedeji_ivolevek.pdf\">T\u00f6ltse le r\u00e9szletes t\u00e1j\u00e9koztat\u00f3 anyagunkat ide kattintva!<\/a><\/strong><\/p>\n<p>\u00a0<\/p>","protected":false},"excerpt":{"rendered":"<p>Poh\u00e1rral m\u00e9rt eg\u00e9szs\u00e9g! 100% nat\u00far iv\u00f3leveink, tart\u00f3s\u00edt\u00f3szert, mesters\u00e9ges sz\u00ednez\u00e9ket, egy\u00e9b adal\u00e9k-anyagokat nem tartalmaznak!A term\u00e9k kiszerel\u00e9se: 3 literes \u00e9s 5 literes iv\u00f3l\u00e9 bag-in-box (zs\u00e1k a dobozban) kiszerel\u00e9sbenAz el\u0151\u00e1ll\u00edt\u00e1si elj\u00e1r\u00e1s r\u00f6vid le\u00edr\u00e1sa:A fajt\u00e1nk\u00e9nt v\u00e1logatott, eg\u00e9szs\u00e9ges alm\u00e1t, meggyet, z\u00f6lds\u00e9geket alaposan megmossuk, dar\u00e1ljuk, pr\u00e9selj\u00fck. A nyers pr\u00e9slevet 6-8 \u00f3r\u00e1n \u00e1t \u00fclep\u00edtj\u00fck, majd a levet 78-82 oC fokon k\u00edm\u00e9letesen paszt\u00f6riz\u00e1ljuk, [&hellip;]<\/p>\n","protected":false},"author":3,"featured_media":0,"parent":0,"menu_order":0,"comment_status":"closed","ping_status":"open","template":"","meta":{"footnotes":""},"class_list":["post-473","page","type-page","status-publish","hentry"],"_links":{"self":[{"href":"https:\/\/www.tedejrt.hu\/index.php?rest_route=\/wp\/v2\/pages\/473","targetHints":{"allow":["GET"]}}],"collection":[{"href":"https:\/\/www.tedejrt.hu\/index.php?rest_route=\/wp\/v2\/pages"}],"about":[{"href":"https:\/\/www.tedejrt.hu\/index.php?rest_route=\/wp\/v2\/types\/page"}],"author":[{"embeddable":true,"href":"https:\/\/www.tedejrt.hu\/index.php?rest_route=\/wp\/v2\/users\/3"}],"replies":[{"embeddable":true,"href":"https:\/\/www.tedejrt.hu\/index.php?rest_route=%2Fwp%2Fv2%2Fcomments&post=473"}],"version-history":[{"count":18,"href":"https:\/\/www.tedejrt.hu\/index.php?rest_route=\/wp\/v2\/pages\/473\/revisions"}],"predecessor-version":[{"id":1215,"href":"https:\/\/www.tedejrt.hu\/index.php?rest_route=\/wp\/v2\/pages\/473\/revisions\/1215"}],"wp:attachment":[{"href":"https:\/\/www.tedejrt.hu\/index.php?rest_route=%2Fwp%2Fv2%2Fmedia&parent=473"}],"curies":[{"name":"wp","href":"https:\/\/api.w.org\/{rel}","templated":true}]}}