{"id":453,"date":"2012-02-27T11:19:04","date_gmt":"2012-02-27T11:19:04","guid":{"rendered":"http:\/\/www.tedejrt.hu\/?page_id=453"},"modified":"2021-07-14T08:54:18","modified_gmt":"2021-07-14T08:54:18","slug":"tejtermelo-es-ertekesito-tcs","status":"publish","type":"page","link":"https:\/\/www.tedejrt.hu\/?page_id=453","title":{"rendered":"Keleti R\u00e9gi\u00f3 Tej\u00e9rt\u00e9kes\u00edt\u0151 \u00e9s Beszerz\u0151 Kft."},"content":{"rendered":"<p style=\"text-align: justify;\">A Keleti R\u00e9gi\u00f3 Tej\u00e9rt\u00e9kes\u00edt\u0151 \u00e9s Beszerz\u0151 Kft. nyers teh\u00e9ntejet termel\u0151k egy\u00fcttm\u0171k\u00f6d\u00e9s\u00e9re szakosodott termel\u0151i csoport. A csoport Hajd\u00fan\u00e1n\u00e1s-Tedejen alakult meg 2009.07.25-\u00e9n \u00e9s 2009.10.08-\u00e1n ker\u00fclt bejegyz\u00e9sre 16 term\u00e9szetes \u00e9s jogi szem\u00e9ly r\u00e9szv\u00e9tel\u00e9vel, korl\u00e1tolt felel\u0151ss\u00e9g\u0171 gazdas\u00e1gi t\u00e1rsas\u00e1g form\u00e1j\u00e1ban. A j\u00f6v\u0151ben c\u00e9lunk a tagok l\u00e9tsz\u00e1m\u00e1nak tov\u00e1bbi b\u0151v\u00edt\u00e9se.<\/p>\n<p style=\"text-align: justify;\">A t\u00e1rsas\u00e1g t\u00f6rzst\u0151k\u00e9je \u00f6sszesen 1.600.000 Ft.<\/p>\n<p style=\"text-align: justify;\">A t\u00e1rsas\u00e1g f\u0151tev\u00e9kenys\u00e9ge: Tej, Tejterm\u00e9k, toj\u00e1s, zsirad\u00e9k nagykereskedelme.<\/p>\n<p style=\"text-align: justify;\">A t\u00e1rsas\u00e1g sz\u00e9khelye 4085 Hajd\u00fan\u00e1n\u00e1s-Tedej, F\u0151 u. 9. A sz\u00e9khely Hajd\u00fa-Bihar Megye ter\u00fclet\u00e9n fekszik, Debrecent\u0151l 55 km-re. A tagok telephelyei, ter\u00fcletei n\u00e9gy megye ter\u00fclet\u00e9n tal\u00e1lhat\u00f3k: Szolnok, Borsod-Aba\u00faj-Zempl\u00e9n, Hajd\u00fa-Bihar \u00e9s Szabolcs-Szatm\u00e1r-Bereg megy\u00e9kben.<\/p>\n<p style=\"text-align: justify;\">Tagjainkn\u00e1l az \u00f6sszes \u00e1llatl\u00e9tsz\u00e1m mintegy 14.000 db-ot, ebb\u0151l produkt\u00edv tejel\u0151 teh\u00e9n l\u00e9tsz\u00e1m: megk\u00f6zel\u00edti 7.000 db. A termelt \u00f6ssze tej ebb\u0151l extra \u00e9s K min\u0151s\u00e9g\u0171 tej ar\u00e1nya 99:1, fajta megoszl\u00e1sa. Holstein, v\u00f6r\u00f6s, fekete, jersey, magyar tarka, stb. Az \u00f6sszes tejkv\u00f3ta nagy\u00e1ga 35.000 ezer liter, a:fajlagos tejhozamok 8.000-10.000 liter\/standard lakt\u00e1ci\u00f3s szint k\u00f6z\u00f6tt, ist\u00e1ll\u00f3 \u00e1tlagok 20-30 liter\/teh\u00e9n k\u00f6z\u00f6tt alakul.<\/p>\n<p style=\"text-align: justify;\">Tejfeldolgoz\u00f3nak \u00e9rt\u00e9kes\u00edtett tej mennyis\u00e9ge meghaladta \u00e9ves szinte a 14 milli\u00f3 litert, a k\u00f6vetkez\u0151 \u00e9vekben pedig a 30 milli\u00f3 liter k\u00f6r\u00fcl alakul.<\/p>\n<p style=\"text-align: justify;\">A tagok t\u00f6bbs\u00e9ge t\u00f6bb \u00e9vtizedes szarvasmarha teny\u00e9szt\u00e9si m\u00falttal \u00e9s termel\u00e9si tapasztalattal rendelkez\u0151 termel\u0151k. A tev\u00e9kenys\u00e9g\u00fcknek szerves r\u00e9sz\u00e9t k\u00e9pezi a szarvasmarha teny\u00e9szt\u00e9s azon bel\u00fcl jelent\u0151s r\u00e9szt kap a tejtermel\u00e9s. A korszer\u0171 tejh\u00e1zi \u00e9s fej\u0151h\u00e1zi, valamint tart\u00e1stechnol\u00f3gi\u00e1val m\u0171k\u00f6d\u0151 nagy\u00fczemi telepeken a k\u00f6rnyezetk\u00edm\u00e9l\u0151, \u00e1llatv\u00e9delmi szempontokat is figyelembe vev\u0151 tejtermel\u00e9s folyik. A termel\u0151 csoport c\u00e9lja egys\u00e9ges \u00e9s j\u00f3 min\u0151s\u00e9g\u0171 tej felv\u00e1s\u00e1rl\u00e1sa \u00e9s tov\u00e1bb\u00e9rt\u00e9kes\u00edt\u00e9se a koncentr\u00e1lts\u00e1g el\u0151nyeinek kihaszn\u00e1l\u00e1s\u00e1val.<\/p>\n","protected":false},"excerpt":{"rendered":"<p>A Keleti R\u00e9gi\u00f3 Tej\u00e9rt\u00e9kes\u00edt\u0151 \u00e9s Beszerz\u0151 Kft. nyers teh\u00e9ntejet termel\u0151k egy\u00fcttm\u0171k\u00f6d\u00e9s\u00e9re szakosodott termel\u0151i csoport. A csoport Hajd\u00fan\u00e1n\u00e1s-Tedejen alakult meg 2009.07.25-\u00e9n \u00e9s 2009.10.08-\u00e1n ker\u00fclt bejegyz\u00e9sre 16 term\u00e9szetes \u00e9s jogi szem\u00e9ly r\u00e9szv\u00e9tel\u00e9vel, korl\u00e1tolt felel\u0151ss\u00e9g\u0171 gazdas\u00e1gi t\u00e1rsas\u00e1g form\u00e1j\u00e1ban. A j\u00f6v\u0151ben c\u00e9lunk a tagok l\u00e9tsz\u00e1m\u00e1nak tov\u00e1bbi b\u0151v\u00edt\u00e9se. A t\u00e1rsas\u00e1g t\u00f6rzst\u0151k\u00e9je \u00f6sszesen 1.600.000 Ft. A t\u00e1rsas\u00e1g f\u0151tev\u00e9kenys\u00e9ge: Tej, Tejterm\u00e9k, toj\u00e1s, [&hellip;]<\/p>\n","protected":false},"author":3,"featured_media":0,"parent":446,"menu_order":0,"comment_status":"closed","ping_status":"open","template":"","meta":{"footnotes":""},"class_list":["post-453","page","type-page","status-publish","hentry"],"_links":{"self":[{"href":"https:\/\/www.tedejrt.hu\/index.php?rest_route=\/wp\/v2\/pages\/453","targetHints":{"allow":["GET"]}}],"collection":[{"href":"https:\/\/www.tedejrt.hu\/index.php?rest_route=\/wp\/v2\/pages"}],"about":[{"href":"https:\/\/www.tedejrt.hu\/index.php?rest_route=\/wp\/v2\/types\/page"}],"author":[{"embeddable":true,"href":"https:\/\/www.tedejrt.hu\/index.php?rest_route=\/wp\/v2\/users\/3"}],"replies":[{"embeddable":true,"href":"https:\/\/www.tedejrt.hu\/index.php?rest_route=%2Fwp%2Fv2%2Fcomments&post=453"}],"version-history":[{"count":4,"href":"https:\/\/www.tedejrt.hu\/index.php?rest_route=\/wp\/v2\/pages\/453\/revisions"}],"predecessor-version":[{"id":1128,"href":"https:\/\/www.tedejrt.hu\/index.php?rest_route=\/wp\/v2\/pages\/453\/revisions\/1128"}],"up":[{"embeddable":true,"href":"https:\/\/www.tedejrt.hu\/index.php?rest_route=\/wp\/v2\/pages\/446"}],"wp:attachment":[{"href":"https:\/\/www.tedejrt.hu\/index.php?rest_route=%2Fwp%2Fv2%2Fmedia&parent=453"}],"curies":[{"name":"wp","href":"https:\/\/api.w.org\/{rel}","templated":true}]}}