{"id":448,"date":"2012-02-27T11:14:02","date_gmt":"2012-02-27T11:14:02","guid":{"rendered":"http:\/\/www.tedejrt.hu\/?page_id=448"},"modified":"2021-07-14T08:54:18","modified_gmt":"2021-07-14T08:54:18","slug":"kelet-pig-szovetkezet","status":"publish","type":"page","link":"https:\/\/www.tedejrt.hu\/?page_id=448","title":{"rendered":"Kelet-Pig Sz\u00f6vetkezet"},"content":{"rendered":"<p style=\"text-align: justify;\">A Kelet-Pig V\u00e1g\u00f3sert\u00e9st Beszerz\u0151 \u00e9s \u00c9rt\u00e9kes\u00edt\u0151 Sz\u00f6vetkezet 2011-ben 15 taggal folytatta tev\u00e9kenys\u00e9g\u00e9t, melyb\u0151l 6 gazdas\u00e1gi t\u00e1rsas\u00e1g \u00e9s 9 egy\u00e9ni gazd\u00e1lkod\u00f3. A Kelet-Pig Sz\u00f6vetkezet a 2010-es gazdas\u00e1gi \u00e9vet 8 milli\u00f3 849 ezer forint nyeres\u00e9ggel z\u00e1rta, melyb\u0151l 885 ezer forint ad\u00f3fizet\u00e9s ut\u00e1n 7 milli\u00f3 964 ezer forint ad\u00f3zott, m\u00e9rleg szerinti eredm\u00e9ny maradt.<\/p>\n<p style=\"text-align: justify;\">A Sz\u00f6vetkezet f\u0151tev\u00e9kenys\u00e9ge az \u00e9l\u0151\u00e1llat nagykereskedelem, ami az \u00e1rbev\u00e9tel 99,2%-\u00e1t tette ki, a fennmarad\u00f3 1,8% a t\u00e1rgyi eszk\u00f6z\u00f6k b\u00e9rbead\u00e1s\u00e1b\u00f3l sz\u00e1rmaz\u00f3 bev\u00e9telb\u0151l sz\u00e1rmazott. Az egy\u00e9b bev\u00e9tek 87,2%-\u00e1t a kapott termel\u0151i csoport t\u00e1mogat\u00e1s, marad\u00e9k 12,8%-\u00e1t pedig a tagd\u00edjak tett\u00e9k ki.<\/p>\n<p style=\"text-align: justify;\">A sert\u00e9s elad\u00e1sb\u00f3l sz\u00e1rmaz\u00f3 j\u00f6vedelem 91,2%-\u00e1t a jogi szem\u00e9lyis\u00e9ggel rendelkez\u0151 gazdas\u00e1gi t\u00e1rsas\u00e1gok teszik ki. Az elad\u00e1sb\u00f3l sz\u00e1rmaz\u00f3 \u00e1rbev\u00e9tel fennmarad\u00f3 8,8%-\u00e1nak egyik fel\u00e9t a mag\u00e1nyszem\u00e9lyek, m\u00e1sik fel\u00e9t pedig a Sz\u00f6vetkezet egyetlen bet\u00e9ti t\u00e1rsas\u00e1ga adja.<\/p>\n<p style=\"text-align: justify;\">Sz\u00f6vetkezet\u00fcnk a 2010. gazdas\u00e1gi \u00e9v folyam\u00e1n 12 v\u00e1g\u00f3h\u00eddnak, illetve felv\u00e1s\u00e1rl\u00f3nak adta el a sert\u00e9seket. A t\u00f6bb mint 37,5 ezer darab, 4 ezer tonna sert\u00e9st 300,- Ft \u00e1tlag\u00e1ron \u00e9rt\u00e9kes\u00edtett\u00fck az orsz\u00e1g n\u00e9gy megy\u00e9j\u00e9nek v\u00e1g\u00f3h\u00eddjaira.<\/p>\n<p style=\"text-align: justify;\">A Kelet-Pig Sz\u00f6vetkezet 2010. \u00e9vi \u00e1ruforgalmi m\u00e9rlege a 2009. \u00e9vhez k\u00e9pest 16,5%-kal, azaz 169 milli\u00f3 forinttal n\u0151tt. A tervadatokhoz k\u00e9pest ez 40%, azaz k\u00f6zel 800 milli\u00f3 forint lemarad\u00e1s mutatott, mik\u00f6zben tagl\u00e9tsz\u00e1munk 25%-kal cs\u00f6kkent \u00e9s a sert\u00e9s \u00e1ra sem \u00e9rte el a v\u00e1rt egys\u00e9g\u00e1rat. Jelenleg \u2013 a termel\u0151kt\u0151l sz\u00e1rmaz\u00f3 inform\u00e1ci\u00f3k alapj\u00e1n \u2013 a h\u00edz\u00f3k \u00e1ra nem \u00e9ri el az \u00f6nk\u00f6lts\u00e9gi \u00e1rat, azaz t\u00e1mogat\u00e1s n\u00e9lk\u00fcl a sert\u00e9stermel\u00e9si \u00e1gazat m\u00ednuszban van.<\/p>\n","protected":false},"excerpt":{"rendered":"<p>A Kelet-Pig V\u00e1g\u00f3sert\u00e9st Beszerz\u0151 \u00e9s \u00c9rt\u00e9kes\u00edt\u0151 Sz\u00f6vetkezet 2011-ben 15 taggal folytatta tev\u00e9kenys\u00e9g\u00e9t, melyb\u0151l 6 gazdas\u00e1gi t\u00e1rsas\u00e1g \u00e9s 9 egy\u00e9ni gazd\u00e1lkod\u00f3. A Kelet-Pig Sz\u00f6vetkezet a 2010-es gazdas\u00e1gi \u00e9vet 8 milli\u00f3 849 ezer forint nyeres\u00e9ggel z\u00e1rta, melyb\u0151l 885 ezer forint ad\u00f3fizet\u00e9s ut\u00e1n 7 milli\u00f3 964 ezer forint ad\u00f3zott, m\u00e9rleg szerinti eredm\u00e9ny maradt. A Sz\u00f6vetkezet f\u0151tev\u00e9kenys\u00e9ge az \u00e9l\u0151\u00e1llat [&hellip;]<\/p>\n","protected":false},"author":3,"featured_media":0,"parent":446,"menu_order":0,"comment_status":"closed","ping_status":"open","template":"","meta":{"footnotes":""},"class_list":["post-448","page","type-page","status-publish","hentry"],"_links":{"self":[{"href":"https:\/\/www.tedejrt.hu\/index.php?rest_route=\/wp\/v2\/pages\/448","targetHints":{"allow":["GET"]}}],"collection":[{"href":"https:\/\/www.tedejrt.hu\/index.php?rest_route=\/wp\/v2\/pages"}],"about":[{"href":"https:\/\/www.tedejrt.hu\/index.php?rest_route=\/wp\/v2\/types\/page"}],"author":[{"embeddable":true,"href":"https:\/\/www.tedejrt.hu\/index.php?rest_route=\/wp\/v2\/users\/3"}],"replies":[{"embeddable":true,"href":"https:\/\/www.tedejrt.hu\/index.php?rest_route=%2Fwp%2Fv2%2Fcomments&post=448"}],"version-history":[{"count":3,"href":"https:\/\/www.tedejrt.hu\/index.php?rest_route=\/wp\/v2\/pages\/448\/revisions"}],"predecessor-version":[{"id":1127,"href":"https:\/\/www.tedejrt.hu\/index.php?rest_route=\/wp\/v2\/pages\/448\/revisions\/1127"}],"up":[{"embeddable":true,"href":"https:\/\/www.tedejrt.hu\/index.php?rest_route=\/wp\/v2\/pages\/446"}],"wp:attachment":[{"href":"https:\/\/www.tedejrt.hu\/index.php?rest_route=%2Fwp%2Fv2%2Fmedia&parent=448"}],"curies":[{"name":"wp","href":"https:\/\/api.w.org\/{rel}","templated":true}]}}