{"id":416,"date":"2012-02-15T14:00:43","date_gmt":"2012-02-15T14:00:43","guid":{"rendered":"http:\/\/www.tedejrt.hu\/?page_id=416"},"modified":"2021-07-14T08:53:59","modified_gmt":"2021-07-14T08:53:59","slug":"bemutatkozunk","status":"publish","type":"page","link":"https:\/\/www.tedejrt.hu\/","title":{"rendered":"Bemutatkozunk"},"content":{"rendered":"<p style=\"text-align: justify;\">A TEDEJ Zrt. \u00e9s a c\u00e9gcsoportj\u00e1t alkot\u00f3 v\u00e1llalatok d\u00f6nt\u0151 m\u00e9rt\u00e9kben mez\u0151gazdas\u00e1gi termel\u0151 tev\u00e9kenys\u00e9get folytat\u00f3 gazdas\u00e1gi t\u00e1rsas\u00e1gok, kisebb r\u00e9szben a f\u0151tev\u00e9kenys\u00e9g kiszolg\u00e1l\u00e1s\u00e1ra l\u00e9trej\u00f6tt t\u00e1rsas\u00e1gok. A t\u00e1rsas\u00e1g 1993-ban alakult, a jogel\u0151d Hajd\u00fan\u00e1n\u00e1s \u00c1llami Gazdas\u00e1g (1949) \u00e1talakul\u00e1s\u00e1val \u00e9s a tev\u00e9kenys\u00e9gek tov\u00e1bbvitel\u00e9vel.<\/p>\n<p style=\"text-align: justify;\">A TEDEJ Zrt. els\u0151sorban \u00e1llatteny\u00e9szt\u00e9si profil\u00fa. A t\u00e1rsas\u00e1g 2.000 db tejhaszn\u00fa teh\u00e9n\u00e1llom\u00e1nnyal \u00e9s annak szaporulataival, 1.000 db h\u00fashaszn\u00fa teh\u00e9n\u00e1llom\u00e1nnyal \u00e9s annak szaporulataival, 1.450 koc\u00e1val \u00e9s szaporulataival rendelkezik.<\/p>\n<p style=\"text-align: justify;\">Jelent\u0151s a n\u00f6v\u00e9nytermeszt\u00e9si tev\u00e9kenys\u00e9g is, ennek legfontosabb feladata, hogy a nagy l\u00e9tsz\u00e1m\u00fa szarvasmarha \u00e9s sert\u00e9s\u00e1llom\u00e1ny r\u00e9sz\u00e9re j\u00f3 min\u0151s\u00e9g\u0171 takarm\u00e1nyn\u00f6v\u00e9nyeket termeljen. A n\u00f6v\u00e9nytermeszt\u00e9s ter\u00fclete a b\u00e9relhet\u0151 f\u00f6ldek f\u00fcggv\u00e9ny\u00e9ben alakul, az ut\u00f3bbi \u00e9vekben n\u00f6vekedett, jelenleg mintegy 6.800 ha ter\u00fcleten gazd\u00e1lkodik, melyek k\u00f6z\u00fcl a legjelent\u0151sebb a sz\u00e1nt\u00f3 \u00e9s legel\u0151.<\/p>\n<p style=\"text-align: justify;\">A TEDEJ c\u00e9gcsoport a t\u00e9rs\u00e9g legnagyobb munkaad\u00f3ja. Az elm\u00falt \u00e9vekben a mez\u0151gazdas\u00e1gi foglalkoztat\u00e1s visszaes\u00e9se idej\u00e9n is siker\u00fclt meg\u0151rizni az alkalmazotti l\u00e9tsz\u00e1mot, munk\u00e1t \u00e9s meg\u00e9lhet\u00e9st biztos\u00edtva a szakk\u00e9pzett munkaer\u0151 sz\u00e1m\u00e1ra.<\/p>\n<p style=\"text-align: justify;\">A TEDEJ Zrt. ISO min\u0151s\u00e9gbiztos\u00edt\u00e1si rendszert \u00e9s a HACCP \u00e9lelmiszerbiztons\u00e1gi rendszert \u00fczemeltet, a k\u00f6vetelm\u00e9nyek betart\u00e1s\u00e1t \u00e9vente a T\u00dcV Rheinland InterCert Kft tan\u00fas\u00edtja.<\/p>\n","protected":false},"excerpt":{"rendered":"<p>A TEDEJ Zrt. \u00e9s a c\u00e9gcsoportj\u00e1t alkot\u00f3 v\u00e1llalatok d\u00f6nt\u0151 m\u00e9rt\u00e9kben mez\u0151gazdas\u00e1gi termel\u0151 tev\u00e9kenys\u00e9get folytat\u00f3 gazdas\u00e1gi t\u00e1rsas\u00e1gok, kisebb r\u00e9szben a f\u0151tev\u00e9kenys\u00e9g kiszolg\u00e1l\u00e1s\u00e1ra l\u00e9trej\u00f6tt t\u00e1rsas\u00e1gok. A t\u00e1rsas\u00e1g 1993-ban alakult, a jogel\u0151d Hajd\u00fan\u00e1n\u00e1s \u00c1llami Gazdas\u00e1g (1949) \u00e1talakul\u00e1s\u00e1val \u00e9s a tev\u00e9kenys\u00e9gek tov\u00e1bbvitel\u00e9vel. A TEDEJ Zrt. els\u0151sorban \u00e1llatteny\u00e9szt\u00e9si profil\u00fa. A t\u00e1rsas\u00e1g 2.000 db tejhaszn\u00fa teh\u00e9n\u00e1llom\u00e1nnyal \u00e9s annak szaporulataival, 1.000 db [&hellip;]<\/p>\n","protected":false},"author":4,"featured_media":0,"parent":0,"menu_order":0,"comment_status":"closed","ping_status":"open","template":"","meta":{"footnotes":""},"class_list":["post-416","page","type-page","status-publish","hentry"],"_links":{"self":[{"href":"https:\/\/www.tedejrt.hu\/index.php?rest_route=\/wp\/v2\/pages\/416","targetHints":{"allow":["GET"]}}],"collection":[{"href":"https:\/\/www.tedejrt.hu\/index.php?rest_route=\/wp\/v2\/pages"}],"about":[{"href":"https:\/\/www.tedejrt.hu\/index.php?rest_route=\/wp\/v2\/types\/page"}],"author":[{"embeddable":true,"href":"https:\/\/www.tedejrt.hu\/index.php?rest_route=\/wp\/v2\/users\/4"}],"replies":[{"embeddable":true,"href":"https:\/\/www.tedejrt.hu\/index.php?rest_route=%2Fwp%2Fv2%2Fcomments&post=416"}],"version-history":[{"count":14,"href":"https:\/\/www.tedejrt.hu\/index.php?rest_route=\/wp\/v2\/pages\/416\/revisions"}],"predecessor-version":[{"id":1111,"href":"https:\/\/www.tedejrt.hu\/index.php?rest_route=\/wp\/v2\/pages\/416\/revisions\/1111"}],"wp:attachment":[{"href":"https:\/\/www.tedejrt.hu\/index.php?rest_route=%2Fwp%2Fv2%2Fmedia&parent=416"}],"curies":[{"name":"wp","href":"https:\/\/api.w.org\/{rel}","templated":true}]}}