{"id":37,"date":"2011-11-25T20:25:04","date_gmt":"2011-11-25T20:25:04","guid":{"rendered":"http:\/\/www.tedejrt.s16.webtar.hu\/?page_id=37"},"modified":"2021-07-14T08:54:01","modified_gmt":"2021-07-14T08:54:01","slug":"tevekenysegeink","status":"publish","type":"page","link":"https:\/\/www.tedejrt.hu\/?page_id=37","title":{"rendered":"Tev\u00e9kenys\u00e9geink"},"content":{"rendered":"<p style=\"text-align: justify;\"><a href=\"\/?page_id=124\"><span style=\"text-decoration: underline;\">\u00a0<strong>Tejel\u0151 szarvasmarha \u00e1gazat<\/strong><\/span><\/a><\/p>\n<p style=\"text-align: justify;\">T\u00e1rsas\u00e1gunk legmeghat\u00e1roz\u00f3bb meghat\u00e1roz\u00f3 tev\u00e9kenys\u00e9ge a <em>tejtermel\u00e9s.<strong> <\/strong><\/em>Tejel\u0151 szarvasmarha \u00e1llom\u00e1nyunk 2.000 db teh\u00e9nb\u0151l \u00e9s szaporulat\u00e1b\u00f3l \u00e1ll.<\/p>\n<p style=\"text-align: justify;\"><strong><a href=\"\/?page_id=133\"><span style=\"text-decoration: underline;\">Sert\u00e9steny\u00e9szt\u00e9s<\/span><\/a><br \/>\n<\/strong><\/p>\n<p style=\"text-align: justify;\">A TEDEJ Zrt-ben \u00e9s jogel\u0151dj\u00e9ben a Hajd\u00fan\u00e1n\u00e1si \u00c1llami Gazdas\u00e1gban nagy hagyom\u00e1nyokra tekint vissza a sert\u00e9steny\u00e9szt\u00e9s, ami az 1960-as \u00e9vek \u00f3ta folyik.<\/p>\n<p style=\"text-align: justify;\"><a href=\"\/?page_id=101\"><span style=\"text-decoration: underline;\"><strong>Sz\u00e1nt\u00f3f\u00f6ldi n\u00f6v\u00e9nytermeszt\u00e9s <\/strong><\/span><\/a><\/p>\n<p style=\"text-align: justify;\">N\u00f6v\u00e9nytermeszt\u00e9s\u00fcnk els\u0151dleges feladata a nagy l\u00e9tsz\u00e1m\u00fa \u00e1llat\u00e1llom\u00e1ny takarm\u00e1nysz\u00fcks\u00e9glet\u00e9nek biztos\u00edt\u00e1sa.<\/p>\n<p style=\"text-align: justify;\"><a href=\"\/?page_id=144\"><span style=\"text-decoration: underline;\"><strong>Gy\u00fcm\u00f6lcstermeszt\u00e9s<\/strong><\/span><\/a><\/p>\n<p style=\"text-align: justify;\">A v\u00e1llalatcsoport jelenleg 105 ha-on foglalkozik gy\u00fcm\u00f6lcstermeszt\u00e9ssel.<\/p>\n<p style=\"text-align: justify;\"><span style=\"text-decoration: underline;\"><strong><a href=\"\/?page_id=146\">\u00c9p\u00edt\u0151ipari tev\u00e9kenys\u00e9g<\/a> <\/strong><\/span><\/p>\n<p style=\"text-align: justify;\">T\u00e1rsas\u00e1gunk tev\u00e9kenys\u00e9g\u00e9t folyamatosan, \u00e9s nagy \u00fctemben fejleszti. A fejleszt\u00e9sek sor\u00e1n jelent\u0151s \u00e9p\u00edt\u0151ipari munk\u00e1t is v\u00e9gezz\u00fcnk.<\/p>\n<p style=\"text-align: justify;\"><a href=\"\/?page_id=148\"><span style=\"text-decoration: underline;\"><strong>Foly\u00e9kony m\u0171tr\u00e1gya el\u0151\u00e1ll\u00edt\u00e1sa<\/strong><\/span><\/a><\/p>\n<p style=\"text-align: justify;\">A foly\u00e9kony m\u0171tr\u00e1gya \u00fczem kapacit\u00e1sa 40.000 to\/\u00e9v. UAN oldat valamint N:P:K m\u0171tr\u00e1gya szuszpenzi\u00f3 el\u0151\u00e1ll\u00edt\u00e1sa.<\/p>\n<p style=\"text-align: justify;\"><a href=\"\/?page_id=152\"><span style=\"text-decoration: underline;\"><strong>Kever\u00e9ktakarm\u00e1ny gy\u00e1rt\u00e1s <\/strong><\/span><\/a><\/p>\n<p style=\"text-align: justify;\">Kever\u00e9ktakarm\u00e1ny gy\u00e1rt\u00f3 \u00fczem\u00fcnk l\u00e1tja el j\u00f3 min\u0151s\u00e9g\u0171 t\u00e1pokkal \u00e1llattart\u00f3 telepeinket \u00e9s takarm\u00e1nyboltjainkat.<\/p>\n<p style=\"text-align: justify;\"><strong><a href=\"\/?page_id=154\"><span style=\"text-decoration: underline;\">Turisztikai tev\u00e9kenys\u00e9g<\/span><\/a><br \/>\n<\/strong><\/p>\n<p style=\"text-align: justify;\">A turizmus t\u00e1rsas\u00e1gunk m\u0171k\u00f6d\u00e9s\u00e9ben egyre jelent\u0151sebb szerepet j\u00e1tszik. 2003-ban meg\u00e9p\u00fclt a panzi\u00f3nk, ami eg\u00e9sz \u00e9vben v\u00e1rja a l\u00e1togat\u00f3kat.<\/p>\n<p style=\"text-align: justify;\"><a href=\"\/?page_id=156\"><span style=\"text-decoration: underline;\"><strong>Kutat\u00e1s \u00e9s Fejleszt\u00e9s <\/strong><\/span><\/a><\/p>\n<p style=\"text-align: justify;\">A TEDEJ Zrt. eredm\u00e9nyes m\u0171k\u00f6d\u00e9s\u00e9nek felt\u00e9tele a folyamatos fejleszt\u00e9si tev\u00e9kenys\u00e9g, amellyel versenyben tudunk maradni a piaci szerepl\u0151kkel, illetve jobb piaci poz\u00edci\u00f3t tudunk el\u00e9rni.<\/p>\n","protected":false},"excerpt":{"rendered":"<p>Tejel\u0151 szarvasmarha \u00e1gazat<\/p>\n<p>T\u00e1rsas\u00e1gunk legmeghat\u00e1roz\u00f3bb meghat\u00e1roz\u00f3 tev\u00e9kenys\u00e9ge a tejtermel\u00e9s. Tejel\u0151 szarvasmarha \u00e1llom\u00e1nyunk 2000 1800 db teh\u00e9nb\u0151l \u00e9s szaporulat\u00e1b\u00f3l \u00e1ll, mely amely a c\u00e9gcsoport t\u00f6bb telepen telep\u00e9n helyezkedik el: Hajd\u00fan\u00e1n\u00e1s-Tedej, Kemecse, Tiszadob, Polg\u00e1r \u00e9s Bak\u00f3h\u00e1t telep\u00fcl\u00e9seken.<\/p>\n<p>\u00c9vente A nyers tej \u00e9rt\u00e9kes\u00edt\u00e9s\u00e9t \u00e9ves meg\u00e1llapod\u00e1sok alapj\u00e1n (\u00e9vente k\u00f6zel 13 12 milli\u00f3 liter tejet \u00e9rt\u00e9kes\u00edt\u00fcnk. Zs\u00edrtartalma 4,1%, feh\u00e9rjetartalma 3,37%. Magas beltartalmi biol\u00f3giai \u00e9rt\u00e9ke ) region\u00e1lis tejfeldolgoz\u00f3k ir\u00e1ny\u00e1ba v\u00e9gezz\u00fck, el\u0151re r\u00f6gz\u00edtett felv\u00e1s\u00e1rl\u00e1si \u00e1rak \u00e9s kiv\u00e1l\u00f3 min\u0151s\u00e9ge j\u00f3volt\u00e1b\u00f3l, napi sz\u00e1ll\u00edt\u00e1si felt\u00e9telek alkalmaz\u00e1s\u00e1val. Az \u00e9rt\u00e9kes\u00edtett tej 100 %-ban extra min\u0151s\u00e9g\u0171. \u00c9rt\u00e9kes beltartalma miatt (3,8% zs\u00edr, 3,25% feh\u00e9rje) kiv\u00e1l\u00f3an alkalmas ipari feldolgoz\u00e1sra. Napi rendszeress\u00e9ggel a tart\u00e1lykocsi sz\u00e1lltja el a feldolgoz\u00f3 \u00fczembe, ahol sajtok, joghurtok \u00e9s \u00edzes\u00edtett tejterm\u00e9kek alapanyag\u00e1ul szolg\u00e1l.<\/p>\n<p>A fej\u00e9stechnol\u00f3gia z\u00e1rt rendszer\u0171, higi\u00e9nikus fej\u00e9st biztos\u00edt, halsz\u00e1lk\u00e1s rendszer\u0171 fej\u0151akn\u00e1s fej\u0151h\u00e1zakban, automata fej\u0151kehely leemel\u0151 rendszer\u0171 berendez\u00e9sekkel dolgozunk. A tej h\u0171t\u00e9se pillanat-h\u0171t\u00e9ssel t\u00f6rt\u00e9nik, elsz\u00e1ll\u00edt\u00e1sig 2-3 C\u00b0-ra h\u0171tve t\u00e1rolj\u00e1k. A tejtermel\u00e9sben 1997 \u00f3ta ISO \u00e9s HACCP-min\u0151s\u00e9g ir\u00e1ny\u00edt\u00e1si \u00e9s \u00e9lelmiszer biztons\u00e1gi rendszer m\u0171k\u00f6dik.<\/p>\n<p>Takarm\u00e1nyoz\u00e1si technol\u00f3gi\u00e1t korszer\u0171 fed\u00e9lzeti sz\u00e1m\u00edt\u00f3g\u00e9ppel ell\u00e1tott takarm\u00e1nykever\u0151 kioszt\u00f3 kocsi seg\u00edti. A sz\u00e1lastakarm\u00e1nyokat fedett t\u00e1rol\u00f3kban t\u00e1roljuk. A takarm\u00e1nyoz\u00e1s pontos v\u00e9grehajt\u00e1s\u00e1t a rendelkez\u00e9sre \u00e1ll\u00f3 takarm\u00e1nyf\u00e9les\u00e9gek racion\u00e1lis k\u00f6lts\u00e9ghat\u00e9kony felhaszn\u00e1l\u00e1s\u00e1t, korszer\u0171 sz\u00e1m\u00edt\u00f3g\u00e9pes programok seg\u00edtik.<\/p>\n<p>Sert\u00e9steny\u00e9szt\u00e9s<\/p>\n<p>A min\u0151s\u00e9gbiztos\u00edt\u00e1si- \u00e9s \u00e9lelmiszerbiztons\u00e1gi rendszer\u00fcnk legfontosabb eleme a gy\u00f3gykezel\u00e9s. A bevezetett szab\u00e1lyok a folyamatos bels\u0151- \u00e9s k\u00fcls\u0151 ellen\u0151rz\u00e9sek eredm\u00e9nyek\u00e9nt elmondhatjuk, hogy A Tedej Rt-ben \u00e9s jogel\u0151dj\u00e9ben a Hajd\u00fan\u00e1n\u00e1si \u00c1llami Gazdas\u00e1gban nagy hagyom\u00e1nyokra tekint vissza a sert\u00e9steny\u00e9szt\u00e9s, ami az 1960-as \u00e9vek \u00f3ta folyik. Term\u00e9szetesen a telep m\u00e9rete, genetikai h\u00e1ttere, a technol\u00f3gia \u00e9s a termel\u00e9s sz\u00ednvonala, az\u00f3ta teljesen megv\u00e1ltozott \u00e9s \u00e1tszervez\u0151d\u00f6tt.<\/p>\n<p>A telep kapacit\u00e1sa \u00e9vente 22.000 h\u00edz\u00f3 el\u0151\u00e1ll\u00edt\u00e1sa 1100-1200 koc\u00e1val, ez annyit jelent, hogy \u00e9vente 1 koc\u00e1t\u00f3l 19-20 h\u00edz\u00f3t \u00e9rt\u00e9kes\u00edt\u00fcnk.<\/p>\n<p>Az ut\u00f3bbi id\u0151ben az Rt. t\u00f6bb p\u00e1ly\u00e1zatot megnyert, SAPARD p\u00e1ly\u00e1zati csomagb\u00f3l \u00e9p\u00fclt 2003-ban \u00e1tadott 368 f\u00e9r\u0151helyes vemhes\u00edt\u0151. Ezen k\u00edv\u00fcl \u00e1talak\u00edtottunk egy 32 f\u00e9r\u0151helyes fiaztat\u00f3t, ahol az \u00e1llatv\u00e9delmi szempontok voltak az els\u0151dlegesek. Itt korszer\u0171 technol\u00f3gi\u00e1j\u00fa lag\u00fan\u00e1s rendszer\u0171 tr\u00e1gyakezel\u00e9s folyik, automata etet\u0151-itat\u00f3 berendez\u00e9ssel, szell\u0151ztet\u0151 \u00e9s f\u0171t\u0151 rendszerrel felszerelt.<\/p>\n<p>A telep a t\u0151l\u00fcnk kiker\u00fcl\u0151 \u00e9l\u0151 \u00e1llatok szervezet\u00fckben nem tartalmaznak a fogyaszt\u00f3kra vesz\u00e9lyt jelent\u0151 k\u00e1ros maradv\u00e1nyokat. A telepen mesters\u00e9ges megterm\u00e9keny\u00edt\u00e9st is alkalmazunk, ehhez j\u00f3l felszerelt laborat\u00f3rium \u00e9s nagy odafigyel\u00e9s sz\u00fcks\u00e9ges.<\/p>\n<p>A telep\u00fcnk egyik m\u00e1sik korszer\u0171 l\u00e9tes\u00edtm\u00e9nye a mosl\u00e9kkonyha. Itt nedves takarm\u00e1nykever\u0151 \u00fczem, itt sz\u00e1m\u00edt\u00f3g\u00e9ppel vez\u00e9relt m\u00f3don t\u00f6rt\u00e9nik a kiscsoportban elhelyezett \u00e1llatok teny\u00e9szkoc\u00e1k ig\u00e9nyeinek megfelel\u0151 \u00f6sszet\u00e9tel\u0171 min\u0151s\u00e9g\u0171 \u00e9s mennyis\u00e9g\u0171 , nedves takarm\u00e1ny \u00f6sszekever\u00e9se \u00e9s kijuttat\u00e1sa. kioszt\u00e1sa.<\/p>\n<p>A telep\u00fcnkh\u00f6z tartozik egy kis\u00fczem\u0171 kiskapacit\u00e1s\u00fa v\u00e1g\u00f3h\u00edd, mely sert\u00e9s \u00e9s szarvasmarha v\u00e1g\u00e1s\u00e1ra alkalmas. Az \u00fczem saj\u00e1t, tan\u00fas\u00edtott HACCP \u00e9lelmiszerbiztons\u00e1gi rendszerrel rendelkezik, \u00e9s els\u0151sorban saj\u00e1t h\u00fasboltjainkat l\u00e1tja el alapanyaggal van enged\u00e9lye .<\/p>\n<p>T\u00e1rsas\u00e1gunk sz\u00e1mos beruh\u00e1z\u00e1ssal jelent\u0151sen cs\u00f6kkentette a sert\u00e9stelepen keletkez\u0151 h\u00edgtr\u00e1gya mennyis\u00e9g\u00e9t. A Hollandi\u00e1b\u00f3l sz\u00e1rmaz\u00f3 \u00faj berendez\u00e9s\u00fcnk a h\u00edgtr\u00e1gya k\u00f6rnyezetbar\u00e1t \u00e9s hat\u00e9kony kijuttat\u00e1s\u00e1t teszi lehet\u0151v\u00e9.<\/p>\n<p>Telep \u00e9s a v\u00e1g\u00f3h\u00edd 1997 \u00f3ta rendelkezik tan\u00fas\u00edtott HACCP, illetve min\u0151s\u00e9gbiztos\u00edt\u00e1si rendszerrel, aminek az alapja a gy\u00f3gykezel\u00e9sek pontos nyilv\u00e1ntart\u00e1sa.<\/p>\n<p>A tov\u00e1bbiakban a k\u00f6rnyezetv\u00e9delem \u00e9s a hat\u00e9konys\u00e1g fejleszt\u00e9s\u00e9re koncentr\u00e1l a c\u00e9g\u00fcnk vezet\u00e9se, melyet AVOP p\u00e1ly\u00e1zati forr\u00e1sb\u00f3l igyeksz\u00fcnk megoldani.<\/p>\n","protected":false},"author":4,"featured_media":0,"parent":0,"menu_order":2,"comment_status":"closed","ping_status":"open","template":"","meta":{"footnotes":""},"class_list":["post-37","page","type-page","status-publish","hentry"],"_links":{"self":[{"href":"https:\/\/www.tedejrt.hu\/index.php?rest_route=\/wp\/v2\/pages\/37","targetHints":{"allow":["GET"]}}],"collection":[{"href":"https:\/\/www.tedejrt.hu\/index.php?rest_route=\/wp\/v2\/pages"}],"about":[{"href":"https:\/\/www.tedejrt.hu\/index.php?rest_route=\/wp\/v2\/types\/page"}],"author":[{"embeddable":true,"href":"https:\/\/www.tedejrt.hu\/index.php?rest_route=\/wp\/v2\/users\/4"}],"replies":[{"embeddable":true,"href":"https:\/\/www.tedejrt.hu\/index.php?rest_route=%2Fwp%2Fv2%2Fcomments&post=37"}],"version-history":[{"count":40,"href":"https:\/\/www.tedejrt.hu\/index.php?rest_route=\/wp\/v2\/pages\/37\/revisions"}],"predecessor-version":[{"id":1112,"href":"https:\/\/www.tedejrt.hu\/index.php?rest_route=\/wp\/v2\/pages\/37\/revisions\/1112"}],"wp:attachment":[{"href":"https:\/\/www.tedejrt.hu\/index.php?rest_route=%2Fwp%2Fv2%2Fmedia&parent=37"}],"curies":[{"name":"wp","href":"https:\/\/api.w.org\/{rel}","templated":true}]}}