{"id":156,"date":"2012-01-16T09:53:55","date_gmt":"2012-01-16T09:53:55","guid":{"rendered":"http:\/\/www.tedejrt.s16.webtar.hu\/?page_id=156"},"modified":"2021-07-14T13:11:30","modified_gmt":"2021-07-14T13:11:30","slug":"kutatas-es-fejlesztes","status":"publish","type":"page","link":"https:\/\/www.tedejrt.hu\/?page_id=156","title":{"rendered":"Kutat\u00e1s \u00e9s fejleszt\u00e9s"},"content":{"rendered":"<p style=\"text-align: justify;\"><img loading=\"lazy\" decoding=\"async\" class=\"alignleft  wp-image-1209\" src=\"http:\/\/www.tedejrt.hu\/wp-content\/uploads\/kutatas-es-fejlesztes01.png\" alt=\"\" width=\"308\" height=\"206\" \/>Az agr\u00e1rium versenyk\u00e9pess\u00e9g\u00e9nek fokoz\u00e1sa elk\u00e9pzelhetetlen an\u00e9lk\u00fcl, hogy a gazdas\u00e1gi szf\u00e9ra szerepl\u0151i ne haszn\u00e1ln\u00e1k ki a kutat\u00e1s, fejleszt\u00e9si \u00e9s innov\u00e1ci\u00f3s tev\u00e9kenys\u00e9gben l\u00e9v\u0151 lehet\u0151s\u00e9geket, ugyanis a gazd\u00e1lkod\u00e1s k\u00fcls\u0151 \u00e9s bels\u0151 felt\u00e9telei folyamatosan szigorodnak, a piacok egyre \u00e9rz\u00e9kenyebbek a min\u0151s\u00e9gre, er\u0151s\u00f6dik a konkurenciaharc, az anyag-, energia-, szem\u00e9lyi jelleg\u0171 kiad\u00e1sok pedig jelent\u0151sen emelkednek. A vev\u0151k ig\u00e9nyei \u00e9rezhet\u0151en folyamatosan v\u00e1ltoznak, ez sz\u00fcks\u00e9gess\u00e9 teszi a m\u00e1r meglev\u0151 term\u00e9kek folyamatos fejleszt\u00e9s\u00e9t, illetve \u00faj term\u00e9kek l\u00e9trehozatal\u00e1t. A tudom\u00e1ny \u00e9s a technika folyamatos fejl\u0151d\u00e9se maga ut\u00e1n vonja a gy\u00e1rt\u00e1si technol\u00f3gia elavul\u00e1s\u00e1t. Valamennyi v\u00e1llalkoz\u00e1sn\u00e1l n\u00e9lk\u00fcl\u00f6zhetetlen teh\u00e1t a fejl\u0151d\u00e9s k\u00f6vet\u00e9se. Amelyik v\u00e1llalkoz\u00e1s megel\u00e9gszik a megl\u00e9v\u0151 technikai szintj\u00e9vel, sz\u00e1m\u00edthat r\u00e1, hogy esetleg behozhatatlanul lemarad, vagy \u00f3ri\u00e1si er\u0151fesz\u00edt\u00e9seket kell tennie a lemarad\u00e1s megsz\u00fcntet\u00e9s\u00e9re. Ezeknek az ismeret\u00e9ben a TEDEJ Zrt. nagy hangs\u00falyt fektet a kutat\u00e1s-fejleszt\u00e9sre \u00e9s az innov\u00e1ci\u00f3ra, ami az eredm\u00e9nyes m\u0171k\u00f6d\u00e9s\u00e9nek egyik z\u00e1loga.<\/p>\n<p style=\"text-align: justify;\">A tev\u00e9kenys\u00e9geink k\u00f6z\u00f6tt fontos szerepet kap a szaktan\u00e1csad\u00f3i szolg\u00e1ltat\u00e1s. Egy\u00fcttm\u0171k\u00f6d\u0151 partnereink r\u00e9sz\u00e9re m\u00e9r\u00e9si \u00e9s kutat\u00e1s-fejleszt\u00e9si szolg\u00e1ltat\u00e1sokat ny\u00fajtunk laborunk infrastrukt\u00far\u00e1j\u00e1ra t\u00e1maszkodva.<\/p>\n<p style=\"text-align: justify;\">\nA Tedej c\u00e9gcsoport k\u00e9t innovat\u00edv klaszternek is tagja:<\/p>\n<p style=\"text-align: justify;\"><strong>Pharmapolis Innovat\u00edv \u00c9lelmiszeripari Klaszter<\/strong><br \/>\nA Pharmapolis Innovat\u00edv \u00c9lelmiszeripari Klaszter program egy nemzetk\u00f6zileg jegyzett, hazai \u00e9s k\u00fclf\u00f6ldi t\u0151k\u00e9t, valamint magasan k\u00e9pzett kutat\u00f3kat, biotechnol\u00f3giai, \u00e9s agr\u00e1rtudom\u00e1nyi, kiemelten agr\u00e1r-biotechnol\u00f3giai szakembereket vonz\u00f3, piac vez\u00e9relt innov\u00e1ci\u00f3s egy\u00fcttm\u0171k\u00f6d\u00e9si rendszer. A klaszter tud\u00e1salap\u00fa speci\u00e1lis innov\u00e1ci\u00f3s rendszer, mely a Debreceni Egyetem, valamint a Kaposv\u00e1ri Egyetem tud\u00e1sb\u00e1zis\u00e1ra \u00e9p\u00fcl. A klaszter &#8211; hazai \u00e9s nemzetk\u00f6zi partnereivel egy\u00fctt &#8211; fontos szerepl\u0151je lehet nemcsak a magyar, de az Eur\u00f3pai Uni\u00f3n bel\u00fcli \u00e9s azon k\u00edv\u00fcli &#8222;Food, Health and Wellness&#8221; \u00e1gazati kutat\u00e1soknak \u00e9s fejleszt\u00e9seknek, \u00e9rintve a funkcion\u00e1lis \u00e9lelmiszer kutat\u00e1shoz kapcsol\u00f3d\u00f3 m\u0171szer \u00e9s diagnosztikum, valamint eg\u00e9szs\u00e9ges \u00e9lelmiszer fejleszt\u00e9st is.<\/p>\n<p style=\"text-align: justify;\"><strong>\u00c9szak-Alf\u00f6ldi \u00c9lelmiszer-Innov\u00e1ci\u00f3s Klaszter<\/strong><br \/>\nAz \u00c9szak-Alf\u00f6ldi \u00c9lelmiszer-Innov\u00e1ci\u00f3s Klaszter c\u00e9lja a r\u00e9gi\u00f3 tud\u00e1sk\u00f6zpontjaival egy\u00fcttm\u0171k\u00f6dve \u00faj, kiv\u00e1l\u00f3 min\u0151s\u00e9g\u0171, minden piacon versenyk\u00e9pes, a t\u00e9rs\u00e9g alapanyagait felhaszn\u00e1l\u00f3, hagyom\u00e1nyait tov\u00e1bbviv\u0151 term\u00e9kek fejleszt\u00e9se, a forgalmazott term\u00e9kek magas szint\u0171 min\u0151s\u00e9g\u00e9nek folyamatos biztos\u00edt\u00e1sa. A r\u00e9gi\u00f3 \u00e9lelmiszeripari \u00e9s a hozz\u00e1juk kapcsol\u00f3d\u00f3 v\u00e1llalkoz\u00e1sok egy\u00fcttm\u0171k\u00f6d\u00e9si h\u00e1l\u00f3zat\u00e1nak kialak\u00edt\u00e1s\u00e1val n\u00f6vel\u00e9s\u00e9vel jav\u00edthat\u00f3 a versenyk\u00e9pess\u00e9g, a t\u00e9rs\u00e9g v\u00e1llalkoz\u00e1sai innov\u00e1ci\u00f3s tev\u00e9kenys\u00e9g\u00e9nek a fokoz\u00e1sa. A klaszter c\u00e9ljai k\u00f6z\u00f6tt szerepel t\u00f6bbek k\u00f6z\u00f6tt a k\u00f6rnyezetbar\u00e1t technol\u00f3gi\u00e1k, az alternat\u00edv \u00e9s energiatakar\u00e9kos energiaforr\u00e1sok termel\u00e9sbe von\u00e1si lehet\u0151s\u00e9g\u00e9nek kutat\u00e1sa, fejleszt\u00e9se, alkalmaz\u00e1s\u00e1nak el\u0151seg\u00edt\u00e9se.<\/p>\n<p><img loading=\"lazy\" decoding=\"async\" class=\"alignleft size-full wp-image-1211\" src=\"http:\/\/www.tedejrt.hu\/wp-content\/uploads\/tedej-alma.jpg\" alt=\"\" width=\"1024\" height=\"768\" \/><\/p>\n","protected":false},"excerpt":{"rendered":"<p>Az agr\u00e1rium versenyk\u00e9pess\u00e9g\u00e9nek fokoz\u00e1sa elk\u00e9pzelhetetlen an\u00e9lk\u00fcl, hogy a gazdas\u00e1gi szf\u00e9ra szerepl\u0151i ne haszn\u00e1ln\u00e1k ki a kutat\u00e1s, fejleszt\u00e9si \u00e9s innov\u00e1ci\u00f3s tev\u00e9kenys\u00e9gben l\u00e9v\u0151 lehet\u0151s\u00e9geket, ugyanis a gazd\u00e1lkod\u00e1s k\u00fcls\u0151 \u00e9s bels\u0151 felt\u00e9telei folyamatosan szigorodnak, a piacok egyre \u00e9rz\u00e9kenyebbek a min\u0151s\u00e9gre, er\u0151s\u00f6dik a konkurenciaharc, az anyag-, energia-, szem\u00e9lyi jelleg\u0171 kiad\u00e1sok pedig jelent\u0151sen emelkednek. A vev\u0151k ig\u00e9nyei \u00e9rezhet\u0151en folyamatosan v\u00e1ltoznak, [&hellip;]<\/p>\n","protected":false},"author":4,"featured_media":0,"parent":37,"menu_order":9,"comment_status":"closed","ping_status":"open","template":"","meta":{"footnotes":""},"class_list":["post-156","page","type-page","status-publish","hentry"],"_links":{"self":[{"href":"https:\/\/www.tedejrt.hu\/index.php?rest_route=\/wp\/v2\/pages\/156","targetHints":{"allow":["GET"]}}],"collection":[{"href":"https:\/\/www.tedejrt.hu\/index.php?rest_route=\/wp\/v2\/pages"}],"about":[{"href":"https:\/\/www.tedejrt.hu\/index.php?rest_route=\/wp\/v2\/types\/page"}],"author":[{"embeddable":true,"href":"https:\/\/www.tedejrt.hu\/index.php?rest_route=\/wp\/v2\/users\/4"}],"replies":[{"embeddable":true,"href":"https:\/\/www.tedejrt.hu\/index.php?rest_route=%2Fwp%2Fv2%2Fcomments&post=156"}],"version-history":[{"count":21,"href":"https:\/\/www.tedejrt.hu\/index.php?rest_route=\/wp\/v2\/pages\/156\/revisions"}],"predecessor-version":[{"id":1212,"href":"https:\/\/www.tedejrt.hu\/index.php?rest_route=\/wp\/v2\/pages\/156\/revisions\/1212"}],"up":[{"embeddable":true,"href":"https:\/\/www.tedejrt.hu\/index.php?rest_route=\/wp\/v2\/pages\/37"}],"wp:attachment":[{"href":"https:\/\/www.tedejrt.hu\/index.php?rest_route=%2Fwp%2Fv2%2Fmedia&parent=156"}],"curies":[{"name":"wp","href":"https:\/\/api.w.org\/{rel}","templated":true}]}}