{"id":154,"date":"2012-01-16T09:53:34","date_gmt":"2012-01-16T09:53:34","guid":{"rendered":"http:\/\/www.tedejrt.s16.webtar.hu\/?page_id=154"},"modified":"2021-07-14T13:07:27","modified_gmt":"2021-07-14T13:07:27","slug":"turizmus","status":"publish","type":"page","link":"https:\/\/www.tedejrt.hu\/?page_id=154","title":{"rendered":"Turizmus"},"content":{"rendered":"<p style=\"text-align: justify;\">A turizmus szempontj\u00e1b\u00f3l jelent\u0151s, hogy egyszerre t\u00f6bb mint 65 f\u0151 elhelyez\u00e9s\u00e9re van lehet\u0151s\u00e9g\u00fcnk a k\u00fcl\u00f6nb\u00f6z\u0151 sz\u00ednvonal\u00fa sz\u00e1ll\u00e1shelyeken, ig\u00e9nyes kiszolg\u00e1l\u00e1ssal, \u00e9tkez\u00e9si lehet\u0151s\u00e9ggel, k\u00fcl\u00f6nf\u00e9le szabadid\u0151s programokkal:<\/p>\n<ul style=\"text-align: justify;\">\n<li>Lovas turizmus: Tedejen a lovak szerelmeseit saj\u00e1t ist\u00e1ll\u00f3val \u00e9s lovard\u00e1val v\u00e1rjuk. A helysz\u00ednen tal\u00e1lhat\u00f3 lovas iskola, mely foglalkozik kezd\u0151 \u00e9s halad\u00f3 lovasoktat\u00e1ssal. A lovagolni v\u00e1gy\u00f3 megtanulhat lovagolni, lovas t\u00far\u00e1t tehet az ezerarc\u00fa magyar puszt\u00e1n, a Hortob\u00e1gyon, vagy utazhat ak\u00e1r kocsival is.<\/li>\n<li>Vad\u00e1sz turizmus: A vad\u00e1szat olyan \u00e9lm\u00e9nyt ny\u00fajt a vad\u00e1sznak, amelyet m\u00e1shol nem kap meg. Nemcsak a vad elejt\u00e9se a fontos, hanem a vaddal val\u00f3 tal\u00e1lkoz\u00e1s, a vadak megfigyel\u00e9se is a vad\u00e1szat izgalm\u00e1hoz tartozik. Tedej \u00e9s k\u00f6rny\u00e9ke b\u0151velkedik vad\u00e1llom\u00e1nyban \u00e9s komoly kultur\u00e1lis hagyat\u00e9kkal rendelkezik a vad\u00e1szturizmus ter\u00fclet\u00e9n. Ig\u00e9ny eset\u00e9n lehet\u0151s\u00e9g ny\u00edlik a vad\u00e1szat k\u00fcl\u00f6nb\u00f6z\u0151 v\u00e1lfaj\u00e1ra. A vad\u00e1szatok term\u00e9szetesen tapasztalt vad\u00e1sz jelenl\u00e9t\u00e9ben zajlanak, akik a megfelel\u0151 f\u00f6ldrajzi ismerettel rendelkeznek az erd\u0151k, mez\u0151k, \u00e9s vadak tekintet\u00e9ben. A vad\u00e1szat \u00e9vszakt\u00f3l f\u00fcgg\u0151en szezon\u00e1lis, b\u0151vebb inform\u00e1ci\u00f3k\u00e9rt k\u00e9rem \u00e9rdekl\u0151dj\u00f6n.<\/li>\n<li>Horg\u00e1sz turizmus: A horg\u00e1szat a vad\u00e1szattal egyid\u0151s \u0151si tev\u00e9kenys\u00e9g, de ma m\u00e1r nem a meg\u00e9lhet\u00e9st jelenti, sokkal ink\u00e1bb hobby, sport, de mindenk\u00e9ppen a szabadid\u0151 elt\u00f6lt\u00e9s egyik kedvelt m\u00f3dszere. Napjainkban nemcsak a f\u00e9rfiak kedveik, hanem egyre t\u00f6bb n\u0151 \u00e9s gyermek is h\u00f3dol ennek a szenved\u00e9lynek. Tedejen 10 ha horg\u00e1sztavunkon v\u00e1rjuk a horg\u00e1szat szerelmeseit, de ak\u00e1r a Keleti-F\u0151csatorn\u00e1n is kipr\u00f3b\u00e1lhatj\u00e1k szerencs\u00e9j\u00fcket.<\/li>\n<li>Sport \u00e9s szabadid\u0151 turizmus: Haz\u00e1nkban az elm\u00falt \u00e9vekben fel\u00e9rt\u00e9kel\u0151dni l\u00e1tszik a sport, mint szabadid\u0151s tev\u00e9kenys\u00e9g. Ak\u00e1r akt\u00edv vagy passz\u00edv, ak\u00e1r hivat\u00e1sos vagy szabadid\u0151s tev\u00e9kenys\u00e9gk\u00e9nt szeretne kikapcsol\u00f3dni, mind term\u00e9szeti k\u00f6rnyezeti felt\u00e9teleink (Hortob\u00e1gy) mind sportl\u00e9tes\u00edtm\u00e9ny\u00fcnk (gumibetonos sportp\u00e1ly\u00e1nk) kiv\u00e1l\u00f3 lehet\u0151s\u00e9get biztos\u00edt a sportol\u00e1shoz legyen sz\u00f3 ak\u00e1r ker\u00e9kp\u00e1roz\u00e1sr\u00f3l, ak\u00e1r teniszr\u0151l.<\/li>\n<li>Konferencia turizmus: V\u00e1rjuk azon szervezetek, test\u00fcletek, egyes\u00fcletek jelentkez\u00e9s\u00e9t, akik szeretn\u00e9k hangulatos k\u00f6rnyezetben b\u0151v\u00edteni szakmai tud\u00e1sukat, kicser\u00e9lni tapasztalataikat. A konferencia szervez\u0151i sz\u00e1m\u00e1ra a sz\u00fcks\u00e9ges infrastrukt\u00fara teljes k\u00f6r\u0171en rendelkez\u00e9sre \u00e1ll, ak\u00e1r 300 f\u0151re is tudunk ell\u00e1t\u00e1st biztos\u00edtani. Amennyiben szabadt\u00e9ren helysz\u00ednnel k\u00edv\u00e1nj\u00e1k sz\u00ednes\u00edteni rendezv\u00e9ny\u00fcket, \u00fagy 500m2-es rendezv\u00e9nys\u00e1trunkban erre is lehet\u0151s\u00e9get ny\u00fajtunk.<\/li>\n<\/ul>\n<p style=\"text-align: justify;\">C\u00e9gcsoportunkn\u00e1l nagy hagyom\u00e1nya van a teke sportnak. Hajd\u00fan\u00e1n\u00e1son a TEKE KLUB s\u00f6r\u00f6z\u0151 (Nagy S. \u00fat 15.) v\u00e1rja kedves vend\u00e9geit, ahol egy duplap\u00e1ly\u00e1s nemzetk\u00f6zi versenyszint\u0171 tekep\u00e1ly\u00e1n sz\u00f3rakozhatnak az ide l\u00e1togat\u00f3k.<\/p>\n<p style=\"text-align: justify;\">Tov\u00e1bb sz\u00ednes\u00edti a szabadid\u0151s programokat a hajd\u00fan\u00e1n\u00e1si, a hajd\u00faszoboszl\u00f3i valamint a b\u00fckkszentkereszti \u00fcd\u00fcltet\u00e9si lehet\u0151s\u00e9g a c\u00e9g saj\u00e1t \u00fcd\u00fcl\u0151iben.<\/p>\n<p style=\"text-align: justify;\"><strong>\u00c9rdekl\u0151dni lehet:<br \/><\/strong>4085 Hajd\u00fan\u00e1n\u00e1s-Tedej F\u0151 \u00fat 9.<br \/>Tel.: 06 52\/570-333<br \/>E-mail: <a href=\"&#x6d;a&#x69;&#108;&#x74;&#111;&#x3a;&#x74;e&#x64;&#101;&#x6a;&#114;&#x74;&#64;t&#x65;&#100;&#x65;&#106;&#x72;&#116;&#46;&#x68;&#117;\">&#x74;e&#x64;&#101;&#x6a;&#114;t&#x40;&#116;&#x65;&#100;e&#x6a;&#114;&#x74;&#46;h&#x75;<\/a><\/p>\n\n\n<figure class=\"wp-block-gallery columns-4 is-cropped wp-block-gallery-1 is-layout-flex wp-block-gallery-is-layout-flex\"><ul class=\"blocks-gallery-grid\"><li class=\"blocks-gallery-item\"><figure><img loading=\"lazy\" decoding=\"async\" width=\"1024\" height=\"768\" src=\"http:\/\/www.tedejrt.hu\/wp-content\/uploads\/13-1024x768.jpg\" alt=\"\" data-id=\"215\" data-full-url=\"http:\/\/www.tedejrt.hu\/wp-content\/uploads\/13.jpg\" data-link=\"http:\/\/www.tedejrt.hu\/tevekenysegeink\/turizmus\/1-4\/\" class=\"wp-image-215\" srcset=\"https:\/\/www.tedejrt.hu\/wp-content\/uploads\/13-1024x768.jpg 1024w, https:\/\/www.tedejrt.hu\/wp-content\/uploads\/13-300x224.jpg 300w\" sizes=\"auto, (max-width: 1024px) 100vw, 1024px\" \/><\/figure><\/li><li class=\"blocks-gallery-item\"><figure><img loading=\"lazy\" decoding=\"async\" width=\"1024\" height=\"768\" src=\"http:\/\/www.tedejrt.hu\/wp-content\/uploads\/5-1024x768.jpg\" alt=\"\" data-id=\"219\" data-full-url=\"http:\/\/www.tedejrt.hu\/wp-content\/uploads\/5.jpg\" data-link=\"http:\/\/www.tedejrt.hu\/tevekenysegeink\/turizmus\/attachment\/5\/\" class=\"wp-image-219\" srcset=\"https:\/\/www.tedejrt.hu\/wp-content\/uploads\/5-1024x768.jpg 1024w, https:\/\/www.tedejrt.hu\/wp-content\/uploads\/5-300x225.jpg 300w, https:\/\/www.tedejrt.hu\/wp-content\/uploads\/5.jpg 2048w\" sizes=\"auto, (max-width: 1024px) 100vw, 1024px\" \/><\/figure><\/li><li class=\"blocks-gallery-item\"><figure><img loading=\"lazy\" decoding=\"async\" width=\"1024\" height=\"768\" src=\"http:\/\/www.tedejrt.hu\/wp-content\/uploads\/4-1024x768.jpg\" alt=\"\" data-id=\"218\" data-full-url=\"http:\/\/www.tedejrt.hu\/wp-content\/uploads\/4.jpg\" data-link=\"http:\/\/www.tedejrt.hu\/tevekenysegeink\/turizmus\/attachment\/4\/\" class=\"wp-image-218\" srcset=\"https:\/\/www.tedejrt.hu\/wp-content\/uploads\/4-1024x768.jpg 1024w, https:\/\/www.tedejrt.hu\/wp-content\/uploads\/4-300x225.jpg 300w, https:\/\/www.tedejrt.hu\/wp-content\/uploads\/4.jpg 2048w\" sizes=\"auto, (max-width: 1024px) 100vw, 1024px\" \/><\/figure><\/li><li class=\"blocks-gallery-item\"><figure><img loading=\"lazy\" decoding=\"async\" width=\"1024\" height=\"770\" src=\"http:\/\/www.tedejrt.hu\/wp-content\/uploads\/3-1024x770.jpg\" alt=\"\" data-id=\"217\" data-full-url=\"http:\/\/www.tedejrt.hu\/wp-content\/uploads\/3.jpg\" data-link=\"http:\/\/www.tedejrt.hu\/tevekenysegeink\/turizmus\/attachment\/3\/\" class=\"wp-image-217\" srcset=\"https:\/\/www.tedejrt.hu\/wp-content\/uploads\/3-1024x770.jpg 1024w, https:\/\/www.tedejrt.hu\/wp-content\/uploads\/3-300x225.jpg 300w, https:\/\/www.tedejrt.hu\/wp-content\/uploads\/3.jpg 1115w\" sizes=\"auto, (max-width: 1024px) 100vw, 1024px\" \/><\/figure><\/li><\/ul><\/figure>\n","protected":false},"excerpt":{"rendered":"<p>A turizmus szempontj\u00e1b\u00f3l jelent\u0151s, hogy egyszerre t\u00f6bb mint 65 f\u0151 elhelyez\u00e9s\u00e9re van lehet\u0151s\u00e9g\u00fcnk a k\u00fcl\u00f6nb\u00f6z\u0151 sz\u00ednvonal\u00fa sz\u00e1ll\u00e1shelyeken, ig\u00e9nyes kiszolg\u00e1l\u00e1ssal, \u00e9tkez\u00e9si lehet\u0151s\u00e9ggel, k\u00fcl\u00f6nf\u00e9le szabadid\u0151s programokkal: Lovas turizmus: Tedejen a lovak szerelmeseit saj\u00e1t ist\u00e1ll\u00f3val \u00e9s lovard\u00e1val v\u00e1rjuk. A helysz\u00ednen tal\u00e1lhat\u00f3 lovas iskola, mely foglalkozik kezd\u0151 \u00e9s halad\u00f3 lovasoktat\u00e1ssal. A lovagolni v\u00e1gy\u00f3 megtanulhat lovagolni, lovas t\u00far\u00e1t tehet az [&hellip;]<\/p>\n","protected":false},"author":4,"featured_media":0,"parent":37,"menu_order":8,"comment_status":"closed","ping_status":"open","template":"","meta":{"footnotes":""},"class_list":["post-154","page","type-page","status-publish","hentry"],"_links":{"self":[{"href":"https:\/\/www.tedejrt.hu\/index.php?rest_route=\/wp\/v2\/pages\/154","targetHints":{"allow":["GET"]}}],"collection":[{"href":"https:\/\/www.tedejrt.hu\/index.php?rest_route=\/wp\/v2\/pages"}],"about":[{"href":"https:\/\/www.tedejrt.hu\/index.php?rest_route=\/wp\/v2\/types\/page"}],"author":[{"embeddable":true,"href":"https:\/\/www.tedejrt.hu\/index.php?rest_route=\/wp\/v2\/users\/4"}],"replies":[{"embeddable":true,"href":"https:\/\/www.tedejrt.hu\/index.php?rest_route=%2Fwp%2Fv2%2Fcomments&post=154"}],"version-history":[{"count":18,"href":"https:\/\/www.tedejrt.hu\/index.php?rest_route=\/wp\/v2\/pages\/154\/revisions"}],"predecessor-version":[{"id":1208,"href":"https:\/\/www.tedejrt.hu\/index.php?rest_route=\/wp\/v2\/pages\/154\/revisions\/1208"}],"up":[{"embeddable":true,"href":"https:\/\/www.tedejrt.hu\/index.php?rest_route=\/wp\/v2\/pages\/37"}],"wp:attachment":[{"href":"https:\/\/www.tedejrt.hu\/index.php?rest_route=%2Fwp%2Fv2%2Fmedia&parent=154"}],"curies":[{"name":"wp","href":"https:\/\/api.w.org\/{rel}","templated":true}]}}