{"id":152,"date":"2012-01-16T09:53:14","date_gmt":"2012-01-16T09:53:14","guid":{"rendered":"http:\/\/www.tedejrt.s16.webtar.hu\/?page_id=152"},"modified":"2021-07-14T13:04:54","modified_gmt":"2021-07-14T13:04:54","slug":"keverektakarmany-gyartas","status":"publish","type":"page","link":"https:\/\/www.tedejrt.hu\/?page_id=152","title":{"rendered":"Kever\u00e9ktakarm\u00e1ny gy\u00e1rt\u00e1s"},"content":{"rendered":"<p style=\"text-align: justify;\">Az al\u00e1bbiakban r\u00f6viden bemutatjuk azokat a jelent\u0151sebb term\u00e9keket, melyek Tedejr\u0151l k\u00f6nnyen beszerezhet\u0151ek a k\u00f6rny\u00e9ken megl\u00e9v\u0151 \u00e9s a leend\u0151 kis- \u00e9s nagy\u00fczemi \u00e1llat\u00e1llom\u00e1ny r\u00e9sz\u00e9re. Az ismertebb, nagyobb volumen\u0171 t\u00e1pokon t\u00fal, n\u00e9h\u00e1ny kuri\u00f3zum is felker\u00fclt list\u00e1nkra. A bemutat\u00e1s term\u00e9szetesen k\u00f6zel sem teljes k\u00f6r\u0171, \u00e9s els\u0151sorban a kever\u0151\u00fczem\u00fcnk k\u00f6zvetlen aj\u00e1nlat\u00e1nak v\u00e1ltozatoss\u00e1g\u00e1t k\u00edv\u00e1nja szeml\u00e9ltetni.<\/p>\n<p style=\"text-align: justify;\">A \u201990-es \u00e9vekben abszol\u00fat modernnek sz\u00e1m\u00edt\u00f3 tedeji kever\u0151\u00fczem az elm\u00falt n\u00e9gy \u00e9vben teljesen meg\u00fajult. Kicser\u00e9lt\u00fck az anyagtov\u00e1bb\u00edt\u00f3 rendszert \u00edgy a takarm\u00e1ny t\u00f6rv\u00e9ny v\u00e9grehajt\u00e1s\u00e1ra kiadott 43\/2003. FVM Rendelet szerinti anyagelmarad\u00e1s-mentes gy\u00e1rt\u00e1st tudunk megval\u00f3s\u00edtani. Szem el\u0151tt tartva a k\u00f6rnyezetv\u00e9delmi el\u0151\u00edr\u00e1sokat, a megl\u00e9v\u0151 k\u00e9tmenetes kever\u00e9s (el\u0151kever\u00e9k gy\u00e1rt\u00e1s \u00e9s lisztes \u00f6sszem\u00e9r\u00e9s) helyett, szemes \u00f6sszem\u00e9r\u00e9st val\u00f3s\u00edtottunk meg \u00e9s minim\u00e1lisra cs\u00f6kkentett\u00fck a porkibocs\u00e1t\u00e1st. A be\u00e9p\u00edtett SKIOLD t\u00edpus\u00fa t\u00e1rcs\u00e1s dar\u00e1l\u00f3 v\u00e9gzi, a bem\u00e9rt anyag apr\u00edt\u00e1s\u00e1t energiatakar\u00e9kosan, a gy\u00e1rtott t\u00e1pot felhaszn\u00e1l\u00f3 \u00e1llatfaj \u00e9s korcsoport ig\u00e9nyeihez igaz\u00edtva a szemcsem\u00e9retet.<\/p>\n<p style=\"text-align: justify;\">A takarm\u00e1ny kever\u00e9kek optim\u00e1lis energia tartalm\u00e1nak biztos\u00edt\u00e1s\u00e1ra n\u00f6v\u00e9nyi olajok bedolgoz\u00e1si lehet\u0151s\u00e9g\u00e9t is megoldottuk mind a derc\u00e9s, mind a granul\u00e1lt term\u00e9kre egyar\u00e1nt. A takarm\u00e1ny felhaszn\u00e1l\u00e1s optimaliz\u00e1l\u00e1sa \u00e9rdek\u00e9ben, sz\u00fcks\u00e9gess\u00e9 v\u00e1lt a k\u00e9szt\u00e1pok j\u00f3 min\u0151s\u00e9g\u0171 granul\u00e1l\u00e1sa 3 mm \u00e9s 5 mm matric\u00e1kon, \u00e9s esetleges visszaroppant\u00e1sa.<\/p>\n<p style=\"text-align: justify;\">Gy\u00f3gyszeres anyagok, premixek fel\u00f6nt\u00e9se a kever\u0151g\u00e9pre szerelt be\u00f6nt\u0151 garaton kereszt\u00fcl t\u00f6rt\u00e9nik. Hajd\u00fa-Bihar megy\u00e9ben egyed\u00fcl\u00e1ll\u00f3 m\u00f3don, Tedejen az \u00e1llatgy\u00f3gy\u00e1szati k\u00e9sz\u00edtm\u00e9nyek k\u00e9szterm\u00e9kre vet\u00edtett hat\u00f3anyag tartalm\u00e1nak legkisebb mennyis\u00e9ge 2 mg\/kg, a v\u00e9nyk\u00f6teles k\u00e9sz\u00edtm\u00e9nyek eset\u00e9ben a legnagyobb mennyis\u00e9ge 3.000 mg\/kg lehet.<\/p>\n<p style=\"text-align: justify;\">A sz\u00e1m\u00edt\u00f3g\u00e9pes folyamatvez\u00e9rl\u0151 rendszer, alkalmas a komponensek \u00f6sszem\u00e9r\u00e9s\u00e9n fel\u00fcl, a teljes technol\u00f3giai folyamat automatikus ir\u00e1ny\u00edt\u00e1s\u00e1ra \u00e9s termel\u00e9si folyamat dokument\u00e1l\u00e1s\u00e1ra. K\u00fcl\u00f6n\u00f6s gondot ford\u00edtunk az \u00fczem Min\u0151s\u00e9gellen\u0151rz\u00e9si szab\u00e1lyzat\u00e1ban \u00e9s a HACCP rendszerben kidolgozott elj\u00e1r\u00e1sok rendszeres karbantart\u00e1s\u00e1ra \u00e9s gyakorlati v\u00e9grehajt\u00e1s\u00e1ra.<\/p>\n<p style=\"text-align: center;\"><a href=\"http:\/\/www.tedejrt.hu\/wp-content\/uploads\/takarmany2-.jpg\"><img loading=\"lazy\" decoding=\"async\" class=\"wp-image-387 alignleft\" title=\"takarmany2-\" src=\"http:\/\/www.tedejrt.hu\/wp-content\/uploads\/takarmany2--300x225.jpg\" alt=\"\" width=\"315\" height=\"236\" srcset=\"https:\/\/www.tedejrt.hu\/wp-content\/uploads\/takarmany2--300x225.jpg 300w, https:\/\/www.tedejrt.hu\/wp-content\/uploads\/takarmany2-.jpg 1024w\" sizes=\"auto, (max-width: 315px) 100vw, 315px\" \/><\/a><\/p>\n<p style=\"text-align: justify;\">A Tedejen gy\u00e1rtott t\u00e1pok mindegyik\u00e9re, kiv\u00e9tel n\u00e9lk\u00fcl jellemz\u0151 az egy\u00f6ntet\u0171, kiv\u00e1l\u00f3 min\u0151s\u00e9g\u0171 szemes \u00e9s ipari alapanyag felhaszn\u00e1l\u00e1s. Besz\u00e1ll\u00edt\u00f3inkt\u00f3l megk\u00f6vetelj\u00fck, hogy az \u00e1ltaluk sz\u00e1ll\u00edtott term\u00e9kek els\u0151 oszt\u00e1ly\u00fa min\u0151s\u00e9g\u0171, tiltott- \u00e9s nem k\u00edv\u00e1natos anyag-mentes legyen. Nem megengedett \u00e1llati eredet\u0171 sz\u00f6vetet nem tartalmazhat, \u00e9s hogy a GMO tartalomra vonatkoz\u00f3 t\u00f6rv\u00e9nyi el\u0151\u00edr\u00e1sokat marad\u00e9ktalanul betarts\u00e1k.<\/p>\n<p style=\"text-align: justify;\">A TEDEJ Zrt., a keleti t\u00e9rs\u00e9gben olyan egyed\u00fcl\u00e1ll\u00f3 sz\u00f3ja \u00e9s gabonaf\u00e9l\u00e9k, vagy ezek kever\u00e9keinek felt\u00e1r\u00e1s\u00e1t szolg\u00e1l\u00f3 technol\u00f3giai berendez\u00e9st \u00e9p\u00edtett, mely seg\u00edts\u00e9g\u00e9vel magas beltartalmi \u00e9rt\u00e9k\u0171 \u00e9s nagy feh\u00e9rje tartalm\u00fa takarm\u00e1nyok \u00e1ll\u00edthat\u00f3k el\u0151, magas h\u0151m\u00e9rs\u00e9kleten \u00e9s nyom\u00e1son, mechanikus z\u00faz\u00e1ssal \u00e9s \u0151rl\u00e9ssel az extruder csig\u00e1s m\u0171vel\u0151 egys\u00e9g\u00e9ben. E kett\u0151s hat\u00e1s k\u00f6vetkezt\u00e9ben \u00ednaktiv\u00e1l\u00f3dnak a term\u00e9k k\u00e1ros anyagai, a kezel\u00e9s hat\u00e1s\u00e1ra a gabona magvak kem\u00e9ny\u00edt\u0151tartalma felt\u00e1r\u00f3dik \u00e9s \u00edgy az em\u00e9szthet\u0151s\u00e9ge fokoz\u00f3dik. A gomb\u00e1k \u00e9s bakt\u00e9riumok elpusztulnak \u00e9s ez\u00e1ltal a gy\u00f3gyszer felhaszn\u00e1l\u00e1si ig\u00e9ny is cs\u00f6kken vagy teljesen feleslegess\u00e9 v\u00e1lhat.<\/p>\n<table border=\"0\">\n<tbody>\n<tr>\n<td style=\"text-align: center;\">Min\u0151s\u00e9g<\/td>\n<td>Kukorica pehely<\/td>\n<td>\u00a0\u00a0 \u00c1rpa pehely<\/td>\n<td>\u00a0\u00a0 B\u00faza pehely<\/td>\n<td>\u00a0 Full-fat sz\u00f3ja<\/td>\n<\/tr>\n<tr>\n<td>Ny.feh. % min.:<\/td>\n<td style=\"text-align: center;\">7,5<\/td>\n<td style=\"text-align: center;\">12,0<\/td>\n<td style=\"text-align: center;\">12,0<\/td>\n<td style=\"text-align: center;\">30,0<\/td>\n<\/tr>\n<tr>\n<td>Ny.rost %max.:<\/td>\n<td style=\"text-align: center;\">2,0<\/td>\n<td style=\"text-align: center;\">5,0<\/td>\n<td style=\"text-align: center;\">5,0<\/td>\n<td style=\"text-align: center;\">6,0<\/td>\n<\/tr>\n<tr>\n<td>Nedvess\u00e9g % max.:<\/td>\n<td style=\"text-align: center;\">14,0<\/td>\n<td style=\"text-align: center;\">12,0<\/td>\n<td style=\"text-align: center;\">12,0<\/td>\n<td style=\"text-align: center;\">12,0<\/td>\n<\/tr>\n<tr>\n<td>Nyers zs\u00edr % min.:<\/td>\n<td style=\"text-align: center;\">2,0<\/td>\n<td style=\"text-align: center;\"><\/td>\n<td style=\"text-align: center;\"><\/td>\n<td style=\"text-align: center;\"><\/td>\n<\/tr>\n<tr>\n<td>Nyerszs\u00edr+feh. max.:<\/td>\n<td style=\"text-align: center;\"><\/td>\n<td style=\"text-align: center;\"><\/td>\n<td style=\"text-align: center;\"><\/td>\n<td style=\"text-align: center;\">50,0<\/td>\n<\/tr>\n<tr>\n<td>Ure\u00e1z aktivit\u00e1s N\/mg max.:<\/td>\n<td style=\"text-align: center;\"><\/td>\n<td style=\"text-align: center;\"><\/td>\n<td style=\"text-align: center;\"><\/td>\n<td style=\"text-align: center;\">0,3<\/td>\n<\/tr>\n<\/tbody>\n<\/table>\n<p style=\"text-align: center;\"><a href=\"http:\/\/www.tedejrt.hu\/wp-content\/uploads\/takarmany3-.jpg\"><img loading=\"lazy\" decoding=\"async\" class=\"wp-image-388 alignleft\" title=\"takarmany3-\" src=\"http:\/\/www.tedejrt.hu\/wp-content\/uploads\/takarmany3--300x225.jpg\" alt=\"\" width=\"315\" height=\"236\" srcset=\"https:\/\/www.tedejrt.hu\/wp-content\/uploads\/takarmany3--300x225.jpg 300w, https:\/\/www.tedejrt.hu\/wp-content\/uploads\/takarmany3-.jpg 1024w\" sizes=\"auto, (max-width: 315px) 100vw, 315px\" \/><\/a><\/p>\n<p style=\"text-align: justify;\">A lucerna nagyon \u00e9rt\u00e9kes takarm\u00e1ny, mely feh\u00e9rj\u00e9ben, karotinban, az \u00e1sv\u00e1nyi elemek k\u00f6z\u00fcl kalciumban \u00e9s vasban gazdag. M\u00e1just\u00f3l okt\u00f3berig, teh\u00e1t eg\u00e9sz \u00e9vben etethet\u0151. Az MGF \u00fczem\u00fcnk \u00e9vente t\u00f6bb mint 2.000 tonna kiv\u00e1l\u00f3 min\u0151s\u00e9g\u0171 lucerna-pelletet \u00e9s dehidrat\u00e1lt lucernaszecsk\u00e1t k\u00e9sz\u00edt.<\/p>\n<table border=\"0\">\n<tbody>\n<tr>\n<td>Min\u0151s\u00e9g<\/td>\n<td>Lucerna pellet<\/td>\n<td>\u00a0\u00a0 Lucerna szecskat\u00e1bla<\/td>\n<\/tr>\n<tr>\n<td>Ny.feh% min.:<\/td>\n<td style=\"text-align: center;\">15<\/td>\n<td style=\"text-align: center;\">15<\/td>\n<\/tr>\n<tr>\n<td>Ny.rost % max.:<\/td>\n<td style=\"text-align: center;\">26<\/td>\n<td style=\"text-align: center;\">26<\/td>\n<\/tr>\n<tr>\n<td>Nedvess\u00e9g % max.:<\/td>\n<td style=\"text-align: center;\">14<\/td>\n<td style=\"text-align: center;\">14<\/td>\n<\/tr>\n<tr>\n<td>Pellet \u00e1tm\u00e9r\u0151 mm.:<\/td>\n<td style=\"text-align: center;\">12<\/td>\n<td style=\"text-align: center;\"><\/td>\n<\/tr>\n<tr>\n<td>B\u00e1la m\u00e9rete cm sz.\/hossz.\/mag.:<\/td>\n<td><\/td>\n<td style=\"text-align: center;\">110\/130-160\/80<\/td>\n<\/tr>\n<tr>\n<td><\/td>\n<td><\/td>\n<td style=\"text-align: center;\">2 db b\u00e1la\/raklap<\/td>\n<\/tr>\n<\/tbody>\n<\/table>\n<p style=\"text-align: justify;\"><a href=\"http:\/\/www.tedejrt.hu\/wp-content\/uploads\/takarmany1-.jpg\"><img loading=\"lazy\" decoding=\"async\" class=\"size-medium wp-image-389 alignleft\" title=\"takarmany1-\" src=\"http:\/\/www.tedejrt.hu\/wp-content\/uploads\/takarmany1--225x300.jpg\" alt=\"\" width=\"225\" height=\"300\" srcset=\"https:\/\/www.tedejrt.hu\/wp-content\/uploads\/takarmany1--225x300.jpg 225w, https:\/\/www.tedejrt.hu\/wp-content\/uploads\/takarmany1-.jpg 576w\" sizes=\"auto, (max-width: 225px) 100vw, 225px\" \/><\/a>A szemesterm\u00e9ny sz\u00e1r\u00edt\u00f3 \u00fczem\u00fcnkben a t\u00e9rs\u00e9gben, a legkedvez\u0151bb d\u00edjakon tudjuk a k\u00f6rny\u00e9kr\u0151l besz\u00e1ll\u00edtott term\u00e9nyeket tiszt\u00edtani, sz\u00e1r\u00edtani, t\u00e1rolni. T\u00e1rol\u00f3kapacit\u00e1sunk mintegy 70.000 tonna, j\u00f3 min\u0151s\u00e9g\u0171, be\u00e1z\u00e1s mentes, ipari padl\u00f3val ell\u00e1tott t\u00e1rol\u00f3helyek.<\/p>\n<p style=\"text-align: justify;\">A takarm\u00e1ny-gazd\u00e1lkod\u00e1si \u00e1gazat dolgoz\u00f3inak oktat\u00e1si programj\u00e1hoz igazodva, a szem\u00e9lyzet rendszeres szakmai elm\u00e9leti \u00e9s gyakorlati oktat\u00e1sban r\u00e9szes\u00fcl. Nagy hangs\u00falyt helyezve a gy\u00e1rt\u00e1s sor\u00e1n, a nyomon k\u00f6vethet\u0151s\u00e9get biztos\u00edt\u00f3 nyilv\u00e1ntart\u00e1sok vezet\u00e9s\u00e9nek fontoss\u00e1g\u00e1ra, a gy\u00e1rt\u00e1stechnol\u00f3giai utas\u00edt\u00e1s m\u0171veletpontos v\u00e9grehajt\u00e1s\u00e1nak jelent\u0151s\u00e9g\u00e9re, a gy\u00f3gyszeres takarm\u00e1ny el\u0151\u00e1ll\u00edt\u00e1s sor\u00e1n felhaszn\u00e1lt term\u00e9kek \u00e1ltal kiv\u00e1lthat\u00f3 k\u00f6zeg\u00e9szs\u00e9g\u00fcgyi probl\u00e9m\u00e1kra, a k\u00e1ros kevered\u00e9s vesz\u00e9ly\u00e9re, a kim\u00e9r\u00e9s k\u00f6r\u00fclm\u00e9nyeire, pontoss\u00e1g\u00e1ra stb.<\/p>\n<p style=\"text-align: justify;\">TEDEJ Zrt. takarm\u00e1ny-gazd\u00e1lkod\u00e1si \u00e1gazata \u00e1ltal el\u0151\u00e1ll\u00edtott t\u00e1pokat \u00f6mlesztve \u00e9s ig\u00e9ny szerinti zs\u00e1kos kiszerel\u00e9sben hozzuk forgalomba, sert\u00e9s, baromfi \u00e9s szarvasmarha k\u00fcl\u00f6nb\u00f6z\u0151 korcsoportjainak \u00e9s hasznos\u00edt\u00e1si ir\u00e1nyukhoz igazodva. Az extruder \u00fczemi term\u00e9keket, a sz\u00f3ja, kukorica, b\u00faza, \u00e9s \u00e1rpa pelyheket \u00e9s a \u00e9s a lucernaliszt \u00fczemi term\u00e9keket \u00f6mlesztve \u00e9s big-bag csomagol\u00e1sban is \u00e9rt\u00e9kes\u00edtj\u00fck.<\/p>\n<p style=\"text-align: right;\">\n","protected":false},"excerpt":{"rendered":"<p>Az al\u00e1bbiakban r\u00f6viden bemutatjuk azokat a jelent\u0151sebb term\u00e9keket, melyek Tedejr\u0151l k\u00f6nnyen beszerezhet\u0151ek a k\u00f6rny\u00e9ken megl\u00e9v\u0151 \u00e9s a leend\u0151 kis- \u00e9s nagy\u00fczemi \u00e1llat\u00e1llom\u00e1ny r\u00e9sz\u00e9re. Az ismertebb, nagyobb volumen\u0171 t\u00e1pokon t\u00fal, n\u00e9h\u00e1ny kuri\u00f3zum is felker\u00fclt list\u00e1nkra. A bemutat\u00e1s term\u00e9szetesen k\u00f6zel sem teljes k\u00f6r\u0171, \u00e9s els\u0151sorban a kever\u0151\u00fczem\u00fcnk k\u00f6zvetlen aj\u00e1nlat\u00e1nak v\u00e1ltozatoss\u00e1g\u00e1t k\u00edv\u00e1nja szeml\u00e9ltetni. A \u201990-es \u00e9vekben abszol\u00fat modernnek [&hellip;]<\/p>\n","protected":false},"author":4,"featured_media":0,"parent":37,"menu_order":7,"comment_status":"closed","ping_status":"open","template":"","meta":{"footnotes":""},"class_list":["post-152","page","type-page","status-publish","hentry"],"_links":{"self":[{"href":"https:\/\/www.tedejrt.hu\/index.php?rest_route=\/wp\/v2\/pages\/152","targetHints":{"allow":["GET"]}}],"collection":[{"href":"https:\/\/www.tedejrt.hu\/index.php?rest_route=\/wp\/v2\/pages"}],"about":[{"href":"https:\/\/www.tedejrt.hu\/index.php?rest_route=\/wp\/v2\/types\/page"}],"author":[{"embeddable":true,"href":"https:\/\/www.tedejrt.hu\/index.php?rest_route=\/wp\/v2\/users\/4"}],"replies":[{"embeddable":true,"href":"https:\/\/www.tedejrt.hu\/index.php?rest_route=%2Fwp%2Fv2%2Fcomments&post=152"}],"version-history":[{"count":16,"href":"https:\/\/www.tedejrt.hu\/index.php?rest_route=\/wp\/v2\/pages\/152\/revisions"}],"predecessor-version":[{"id":1204,"href":"https:\/\/www.tedejrt.hu\/index.php?rest_route=\/wp\/v2\/pages\/152\/revisions\/1204"}],"up":[{"embeddable":true,"href":"https:\/\/www.tedejrt.hu\/index.php?rest_route=\/wp\/v2\/pages\/37"}],"wp:attachment":[{"href":"https:\/\/www.tedejrt.hu\/index.php?rest_route=%2Fwp%2Fv2%2Fmedia&parent=152"}],"curies":[{"name":"wp","href":"https:\/\/api.w.org\/{rel}","templated":true}]}}