{"id":144,"date":"2012-01-16T09:45:18","date_gmt":"2012-01-16T09:45:18","guid":{"rendered":"http:\/\/www.tedejrt.s16.webtar.hu\/?page_id=144"},"modified":"2021-07-14T12:54:32","modified_gmt":"2021-07-14T12:54:32","slug":"gyumolcstermesztes","status":"publish","type":"page","link":"https:\/\/www.tedejrt.hu\/?page_id=144","title":{"rendered":"Gy\u00fcm\u00f6lcstermeszt\u00e9s"},"content":{"rendered":"<p style=\"text-align: justify;\">T\u00e1rsas\u00e1gunk a t\u00e9rs\u00e9gben \u00fatt\u00f6r\u0151k\u00e9nt kezdett a gy\u00fcm\u00f6lcstermeszt\u00e9sbe. A v\u00e1llalatcsoport jelenleg 105 ha-on foglalkozik gy\u00fcm\u00f6lcstermeszt\u00e9ssel. 60 ha alma, 35 ha meggy, 4 ha cseresznye, 4 ha szilva, 2 ha k\u00f6rte. Ezen k\u00edv\u00fcl folyamatban van 11 ha intenz\u00edv alma telep\u00edt\u00e9se.<\/p>\n<p style=\"text-align: justify;\">A kisn\u00f6v\u00e9s\u0171 almaf\u00e1k t\u00e1mrendszere mellett 1 m\u00e9teres t\u0151t\u00e1vval vannak telep\u00edtve. A sork\u00f6z f\u00fcves\u00edtett, melyet rendszeresen \u00e1polunk. Az \u00fcltetv\u00e9ny korszer\u0171 csepegtet\u0151 \u00f6nt\u00f6z\u0151rendszerrel van felszerelve, mely t\u00e1poldat kijutat\u00e1s\u00e1ra, fagyv\u00e9delemre \u00e9s sz\u00ednes\u00edt\u0151 \u00f6nt\u00f6z\u00e9sre is alkalmas. Az \u00fcltetv\u00e9ny vagy nagy k\u00e9zimunkaer\u0151 ig\u00e9nye miatt hossz\u00fat\u00e1von jelent\u0151s szerepet j\u00e1tszik a foglalkoztat\u00e1sban.<\/p>\n<p style=\"text-align: justify;\">A megtermelt gy\u00fcm\u00f6lcs\u00f6k k\u00f6z\u00fcl a meggyet, csereszny\u00e9t, szilv\u00e1t, illetve az alma, k\u00f6rte egy r\u00e9sz\u00e9t frissen szedve \u00e9rt\u00e9kes\u00edtj\u00fck. Az alma, illetve k\u00f6rte tov\u00e1bbi r\u00e9sz\u00e9t h\u0171t\u0151h\u00e1zunkba bet\u00e1roljuk. F\u0151bb almafajt\u00e1ink a k\u00f6vetkez\u0151ek: Gala, Idared, Golden, Braeburn, Top\u00e1z, Jonagold, Granny Smith, Fuji, Summerred, Earlygold.<\/p>\n<p style=\"text-align: center;\"><img loading=\"lazy\" decoding=\"async\" class=\"alignleft wp-image-289 size-medium\" title=\"41\" src=\"http:\/\/www.tedejrt.hu\/wp-content\/uploads\/411-200x300.jpg\" alt=\"\" width=\"200\" height=\"300\" srcset=\"https:\/\/www.tedejrt.hu\/wp-content\/uploads\/411-200x300.jpg 200w, https:\/\/www.tedejrt.hu\/wp-content\/uploads\/411-682x1024.jpg 682w, https:\/\/www.tedejrt.hu\/wp-content\/uploads\/411.jpg 1067w\" sizes=\"auto, (max-width: 200px) 100vw, 200px\" \/><\/p>\n<p style=\"text-align: justify;\">A gy\u00fcm\u00f6lcs\u00f6skert hozam\u00e1nak elhelyez\u00e9s\u00e9t seg\u00edti az 1.050 tonna t\u00e1rol\u00f3kapacit\u00e1s\u00fa h\u0171t\u0151h\u00e1z. Az alm\u00e1t itt korszer\u0171 l\u00e9g\u00f6sszet\u00e9tel-szab\u00e1lyozhat\u00f3 (ULO rendszer\u0171) termekben tudjuk t\u00e1rolni, \u00edgy biztos\u00edtva azt, hogy a gy\u00fcm\u00f6lcs min\u00e9l frissebben, \u00fcd\u00e9bben ker\u00fclj\u00f6n a vev\u0151k fel\u00e9. A h\u0151m\u00e9rs\u00e9klet \u00e9s a p\u00e1ratartalom szab\u00e1lyoz\u00e1s\u00e1n t\u00fal (CO2 adszorber \u00e9s nitrog\u00e9n gener\u00e1tor seg\u00edts\u00e9g\u00e9vel) CO2 \u00e9s O2 szab\u00e1lyoz\u00e1s is t\u00f6rt\u00e9nik, jelent\u0151sen megn\u00f6velve a frissen tart\u00e1si id\u0151t. Term\u00e9keink ak\u00e1r m\u00e1jus-j\u00fanius h\u00f3napig is roml\u00e1smentesen t\u00e1rolhat\u00f3k. A gy\u00fcm\u00f6lcs\u00f6sben integr\u00e1lt n\u00f6v\u00e9nyv\u00e9delmi technol\u00f3gi\u00e1t alkalmazunk, ezzel garant\u00e1lva a friss gy\u00fcm\u00f6lcs szermaradv\u00e1ny mentess\u00e9g\u00e9t.<\/p>\n<p style=\"text-align: justify;\">C\u00e9g\u00fcnk rendelkezik egy gy\u00fcm\u00f6lcsv\u00e1logat\u00f3, oszt\u00e1lyoz\u00f3, manipul\u00e1l\u00f3, csomagol\u00f3 g\u00e9psorral, \u00edgy az alm\u00e1t, m\u00e9ret, s\u00faly \u00e9s sz\u00edn szerint tudjuk a v\u00e1s\u00e1rl\u00f3i ig\u00e9nyek szerint k\u00fcl\u00f6nv\u00e1logatni \u00e9s csomagolni.<\/p>\n<p style=\"text-align: justify;\">R\u00e9szt vesz\u00fcnk egy helyi Termel\u0151i \u00c9rt\u00e9kes\u00edt\u0151 Szervezet (T\u00c9SZ) m\u0171k\u00f6dtet\u00e9s\u00e9ben.<\/p>\n<p style=\"text-align: justify;\">T\u00e1rsas\u00e1gunk Ny\u00edrmad\u00e1n is rendelkezik egy 600 tonna t\u00e1rol\u00f3kapacit\u00e1s\u00fa h\u0171t\u0151h\u00e1zzal, melyb\u0151l 400 t l\u00e9g\u00f6sszet\u00e9tel-szab\u00e1lyozhat\u00f3. Itt a t\u00e9rs\u00e9gben termelt alma felv\u00e1s\u00e1rl\u00e1s\u00e1val \u00e9s t\u00e1rol\u00e1s\u00e1val, esetleg szabad t\u00e1rol\u00f3kapacit\u00e1s megl\u00e9te eset\u00e9n b\u00e9rt\u00e1rol\u00e1ssal foglalkozunk.<\/p>\n<p style=\"text-align: justify;\">\n<p style=\"text-align: justify;\">\n<p style=\"text-align: justify;\">\n<p style=\"text-align: center;\"><strong><span style=\"text-decoration: underline;\">Kert\u00e9szeti korszer\u0171s\u00edt\u00e9sek a <\/span><\/strong><strong><span style=\"text-decoration: underline;\">Tedej V\u00e1llalatcsoportn\u00e1l<\/span><\/strong><\/p>\n<p>A Tedej V\u00e1llalatcsoport m\u00e1r megl\u00e9v\u0151 h\u0171t\u0151h\u00e1zi kapacit\u00e1s\u00e1nak korszer\u0171s\u00edt\u00e9s\u00e9re \u00e9s b\u0151v\u00edt\u00e9s\u00e9re ny\u00fajtott be t\u00e1mogat\u00e1si k\u00e9relmeket 2012-ben az Eur\u00f3pai Mez\u0151gazdas\u00e1gi Vid\u00e9kfejleszt\u00e9si Alap \u201eKert\u00e9szet korszer\u0171s\u00edt\u00e9sre\u201d ki\u00edrt p\u00e1ly\u00e1zat\u00e1ra.<\/p>\n<p>K\u00e9t nyertes p\u00e1ly\u00e1zatunk k\u00f6z\u00fcl az egyik c\u00e9lja a 2002-ben \u00e9p\u00fclt h\u0171t\u0151h\u00e1zunk technol\u00f3gi\u00e1j\u00e1nak fel\u00faj\u00edt\u00e1sa, korszer\u0171bbre cser\u00e9l\u00e9se. A fejleszt\u00e9snek k\u00f6sz\u00f6nhet\u0151en a megtermelt gy\u00fcm\u00f6lcseinket energiatakar\u00e9kosabban, hosszabb ideig tudjuk eltartani, mely \u00faj technol\u00f3giai elj\u00e1r\u00e1snak k\u00f6sz\u00f6nhet\u0151en a gy\u00fcm\u00f6lcs meg\u0151rzi a frissess\u00e9g\u00e9t \u00e9s \u00fcdes\u00e9g\u00e9t a t\u00e1rol\u00e1s v\u00e9g\u00e9ig. A \u00faj technol\u00f3gia lehet\u0151v\u00e9 teszi, hogy a bet\u00e1rolt alma a min\u0151s\u00e9g\u00e9t az utols\u00f3 kit\u00e1rol\u00e1sig megtartsa, ez\u00e1ltal k\u00e9s\u0151 tavaszig tudjuk szezon\u00e1lis gy\u00fcm\u00f6lcseinket a piacig\u00e9nyeknek megfelel\u0151 kiv\u00e1l\u00f3 min\u0151s\u00e9gben k\u00edn\u00e1lni.<\/p>\n<p>M\u00e1sik p\u00e1ly\u00e1zatunk keret\u00e9ben \u00faj h\u0171t\u0151h\u00e1z \u00e9p\u00fclt. A h\u0171t\u00f6tt l\u00e9gt\u00e9rfogat 1.498 lm3-t m\u00edg az el\u0151h\u0171t\u0151-manipul\u00e1l\u00f3 t\u00e9r\u00e9 2.196 lm3. A h\u00e1rom h\u0171t\u0151kamra egyenk\u00e9nt 315 db 1,0 m x 1,2 m x 0,8 m m\u00e9ret\u0171 alm\u00e1skont\u00e9ner befogad\u00e1s\u00e1ra alkalmas. A h\u0171t\u0151h\u00e1z \u00e9p\u00edt\u00e9se sor\u00e1n \u00fcgyelt\u00fcnk arra, hogy egy szerkezetileg tart\u00f3s, h\u0151technikailag alacsony energiafelhaszn\u00e1l\u00e1s\u00fa \u00e9p\u00fclet l\u00e9tes\u00fclj\u00f6n, melynek h\u0171t\u00e9s\u00e9t szint\u00e9n a legmodernebb technol\u00f3gi\u00e1val oldottuk meg.<\/p>\n<p>A h\u0171t\u0151h\u00e1zakn\u00e1l alkalmazott \u00faj modern vez\u00e9rl\u00e9stechnik\u00e1nak k\u00f6sz\u00f6nhet\u0151en a termek h\u0151foka \u00e9s g\u00e1zelegy\u00e9nek \u00f6sszet\u00e9tele k\u00f6zvetetten, sz\u00e1m\u00edt\u00f3g\u00e9pes rendszer seg\u00edts\u00e9g\u00e9vel t\u00e1volr\u00f3l is nyomon k\u00f6vethet\u0151, pontosan visszakereshet\u0151, probl\u00e9ma eset\u00e9n pedig egyedi hibajelz\u00e9s alapj\u00e1n gyorsabb beavatkoz\u00e1sra ny\u00edlik lehet\u0151s\u00e9g\u00fcnk.<\/p>\n<p>Az \u00faj technol\u00f3gi\u00e1k m\u00e1sik \u00fajdons\u00e1ga a bet\u00e1rol\u00e1sra ker\u00fcl\u0151 alma el\u0151h\u0171t\u00e9se, melynek sor\u00e1n 100-120 tonna gy\u00fcm\u00f6lcs leh\u0171t\u00e9s\u00e9re van lehet\u0151s\u00e9g. Ez az elj\u00e1r\u00e1s a kor\u00e1bbi technol\u00f3gi\u00e1hoz k\u00e9pest 20% energia-megtakar\u00edt\u00e1st eredm\u00e9nyez. Az el\u0151h\u0171t\u00e9st k\u00f6vet\u0151en a gy\u00fcm\u00f6lcs\u00f6t bet\u00e1rolj\u00e1k a kamr\u00e1kba ahol v\u00e9glegesen leh\u0171tik +5 C-ra. A t\u00e1rol\u00e1si h\u0151fok be\u00e1ll\u00edt\u00e1sa 2-3 nap alatt t\u00f6rt\u00e9nik. Ezt k\u00f6vet\u0151en a berendez\u00e9sek h\u0151tart\u00e1si m\u00f3dban m\u0171k\u00f6dnek. Az \u00fczemeltet\u00e9s sor\u00e1n az \u00faj technol\u00f3gia szint\u00e9n 20% k\u00f6r\u00fcli megtakar\u00edt\u00e1st eredm\u00e9nyez, mik\u00f6zben a karbantart\u00e1si k\u00f6lts\u00e9gek minim\u00e1lisak.<\/p>\n<p>A fejleszt\u00e9sek sor\u00e1n meg\u00fajul\u00f3 energia hasznos\u00edt\u00e1s\u00e1ra is sor ker\u00fclt: a napkollektorok \u00e1ltal nyert napenergi\u00e1t meleg v\u00edz el\u0151\u00e1ll\u00edt\u00e1s\u00e1ra haszn\u00e1ljuk fel az \u00e9p\u00fcletekn\u00e9l, amit az egyes h\u0171t\u0151h\u00e1zi munkafolyamatok sor\u00e1n hasznos\u00edtunk.<\/p>\n<p>H\u0171t\u0151h\u00e1zainkban els\u0151dlegesen a t\u00f6bb, mint 70 ha hekt\u00e1r alm\u00e1sunkb\u00f3l sz\u00e1rmaz\u00f3 gy\u00fcm\u00f6lcs\u00f6k ker\u00fclnek t\u00e1rol\u00e1sra, de m\u00e1s gy\u00fcm\u00f6lcseink (meggy, k\u00f6rte, stb.) id\u0151szakos t\u00e1rol\u00e1sa is megoldott. A t\u00e1rol\u00e1sra ker\u00fcl\u0151 alma min\u0151s\u00e9g ellen\u0151rz\u00e9se m\u00e1r a szed\u00e9skor elkezd\u0151dik. A s\u00e9r\u00fclt, \u00fct\u0151d\u00f6tt vagy valamilyen betegs\u00e9g \u00e1ltal megt\u00e1madott alm\u00e1t elk\u00fcl\u00f6n\u00edtve gy\u0171jtj\u00fck. Az eg\u00e9szs\u00e9ges, fajta \u00e9s m\u00e9ret szerint v\u00e1logatott alm\u00e1k kont\u00e9nerben \u00e9rkeznek a h\u0171t\u0151h\u00e1zba, ahol megkezd\u0151dik az el\u0151h\u0171t\u00e9s\u00fck, majd a h\u0171t\u0151t\u00e1rol\u00f3ba ker\u00fclnek. A bet\u00e1rol\u00e1s minden f\u00e1zis\u00e1t gondosan dokument\u00e1ljuk, a h\u0171t\u0151h\u00e1zban tal\u00e1lhat\u00f3 k\u00e9szleteket folyamatosan ellen\u0151rizz\u00fck.<\/p>\n<p>A t\u00e1rolt gy\u00fcm\u00f6lcs\u00f6k f\u0151leg \u00e9tkez\u00e9si c\u00e9llal ker\u00fclnek \u00e9rt\u00e9kes\u00edt\u00e9sre, illetve t\u00f6bb \u00e9ve fajtav\u00e1logatott nat\u00farleveket is k\u00e9sz\u00edt\u00fcnk. R\u00e9szt vesz\u00fcnk az iskolaalma programba is, mely sor\u00e1n Hajd\u00fan\u00e1n\u00e1s, Hajd\u00fadorog, Polg\u00e1r, G\u00f6rbeh\u00e1za telep\u00fcl\u00e9sekre, hat iskol\u00e1ba t\u00f6bb mint 117.000 db gy\u00fcm\u00f6lcs\u00f6t \u00e9s 11.740 liter gy\u00fcm\u00f6lcslevet sz\u00e1ll\u00edtunk id\u0151szakonk\u00e9nt. A program keret\u00e9ben a gyermekeknek bemutatjuk gazdas\u00e1gunk m\u0171k\u00f6d\u00e9s\u00e9t is, els\u0151 sorban modern gy\u00fcm\u00f6lcs\u00fcltetv\u00e9nyeinket \u00e9s h\u0171t\u0151h\u00e1zainkat.<\/p>\n<p>A fejleszt\u00e9seknek k\u00f6sz\u00f6nhet\u0151en nemcsak munkahelyeket tudtunk meg\u0151rizni, de \u00fajakat is siker\u00fclt l\u00e9trehoznunk.<\/p>\n<p>H\u0171t\u0151h\u00e1zaink fejleszt\u00e9s\u00e9re 245 mill\u00f3 forintot ford\u00edtottunk, melyhez az Eur\u00f3pai Mez\u0151gazdas\u00e1gi Vid\u00e9kfejleszt\u00e9si Alapb\u00f3l \u201eKert\u00e9szet korszer\u0171s\u00edt\u00e9s\u201d jogc\u00edmre 75.222.804 Ft t\u00e1mogat\u00e1st nyert\u00fcnk.<\/p>\n","protected":false},"excerpt":{"rendered":"<p>T\u00e1rsas\u00e1gunk a t\u00e9rs\u00e9gben \u00fatt\u00f6r\u0151k\u00e9nt kezdett a gy\u00fcm\u00f6lcstermeszt\u00e9sbe. A v\u00e1llalatcsoport jelenleg 105 ha-on foglalkozik gy\u00fcm\u00f6lcstermeszt\u00e9ssel. 60 ha alma, 35 ha meggy, 4 ha cseresznye, 4 ha szilva, 2 ha k\u00f6rte. Ezen k\u00edv\u00fcl folyamatban van 11 ha intenz\u00edv alma telep\u00edt\u00e9se. A kisn\u00f6v\u00e9s\u0171 almaf\u00e1k t\u00e1mrendszere mellett 1 m\u00e9teres t\u0151t\u00e1vval vannak telep\u00edtve. A sork\u00f6z f\u00fcves\u00edtett, melyet rendszeresen \u00e1polunk. Az [&hellip;]<\/p>\n","protected":false},"author":4,"featured_media":0,"parent":37,"menu_order":4,"comment_status":"closed","ping_status":"open","template":"","meta":{"footnotes":""},"class_list":["post-144","page","type-page","status-publish","hentry"],"_links":{"self":[{"href":"https:\/\/www.tedejrt.hu\/index.php?rest_route=\/wp\/v2\/pages\/144","targetHints":{"allow":["GET"]}}],"collection":[{"href":"https:\/\/www.tedejrt.hu\/index.php?rest_route=\/wp\/v2\/pages"}],"about":[{"href":"https:\/\/www.tedejrt.hu\/index.php?rest_route=\/wp\/v2\/types\/page"}],"author":[{"embeddable":true,"href":"https:\/\/www.tedejrt.hu\/index.php?rest_route=\/wp\/v2\/users\/4"}],"replies":[{"embeddable":true,"href":"https:\/\/www.tedejrt.hu\/index.php?rest_route=%2Fwp%2Fv2%2Fcomments&post=144"}],"version-history":[{"count":13,"href":"https:\/\/www.tedejrt.hu\/index.php?rest_route=\/wp\/v2\/pages\/144\/revisions"}],"predecessor-version":[{"id":1191,"href":"https:\/\/www.tedejrt.hu\/index.php?rest_route=\/wp\/v2\/pages\/144\/revisions\/1191"}],"up":[{"embeddable":true,"href":"https:\/\/www.tedejrt.hu\/index.php?rest_route=\/wp\/v2\/pages\/37"}],"wp:attachment":[{"href":"https:\/\/www.tedejrt.hu\/index.php?rest_route=%2Fwp%2Fv2%2Fmedia&parent=144"}],"curies":[{"name":"wp","href":"https:\/\/api.w.org\/{rel}","templated":true}]}}