{"id":1236,"date":"2023-04-28T07:27:56","date_gmt":"2023-04-28T07:27:56","guid":{"rendered":"http:\/\/www.tedejrt.hu\/?page_id=1236"},"modified":"2023-04-28T09:19:20","modified_gmt":"2023-04-28T09:19:20","slug":"takarmanykevero-uzem-komplex-fejlesztese-a-tedej-zrt-nel","status":"publish","type":"page","link":"https:\/\/www.tedejrt.hu\/?page_id=1236","title":{"rendered":"Takarm\u00e1nykever\u0151 \u00fczem komplex fejleszt\u00e9se a Tedej Zrt.-n\u00e9l"},"content":{"rendered":"\n<p><strong>A Tedej Zrt. (tov\u00e1bbiakban: T\u00e1rsas\u00e1g) VP3-4.2.1.3-21 \u201eTakarm\u00e1ny el\u0151\u00e1ll\u00edt\u00f3 \u00fczemek fejleszt\u00e9s\u00e9nek t\u00e1mogat\u00e1sa\u201d c\u00edm\u0171 p\u00e1ly\u00e1zati ki\u00edr\u00e1s keret\u00e9ben 88,144 milli\u00f3 Ft vissza nem t\u00e9r\u00edtend\u0151 eur\u00f3pai uni\u00f3s t\u00e1mogat\u00e1sban r\u00e9szes\u00fclt.<\/strong><\/p>\n\n\n\n<p>A projekt c\u00e9lja az elavult takarm\u00e1nykever\u0151 \u00fczem\u00e9nek komplex fejleszt\u00e9se, melynek eredm\u00e9nyek\u00e9nt n\u00f6velhet\u0151 a j\u00f3 min\u0151s\u00e9g\u0171 takarm\u00e1ny el\u0151\u00e1ll\u00edt\u00e1s hat\u00e9konys\u00e1ga, cs\u00f6kkentve a k\u00f6rnyezett terhel\u00e9st \u00e9s az \u00e9l\u0151munka felhaszn\u00e1l\u00e1st, jav\u00edtva a fajlagos takarm\u00e1ny felhaszn\u00e1l\u00e1st. A korszer\u0171s\u00edt\u00e9s alapvet\u0151 szempontjai: biztons\u00e1gos mennyis\u00e9g\u0171 \u00e9s min\u0151s\u00e9g\u0171 alapanyagok t\u00e1rol\u00e1si felt\u00e9teleinek biztos\u00edt\u00e1sa, alapanyagok min\u0151s\u00e9g\u00e9nek fokozott ellen\u0151rz\u00e9se, technol\u00f3giai berendez\u00e9sek m\u0171szaki sz\u00ednvonal\u00e1nak \u00e9s \u00fczembiztons\u00e1g\u00e1nak fokoz\u00e1sa.<\/p>\n\n\n\n<p>A fejleszt\u00e9s c\u00e9lja hogy olyan kiv\u00e1l\u00f3 min\u0151s\u00e9g\u0171 takarm\u00e1nyt tudjunk el\u0151\u00e1ll\u00edtani, amely az adott \u00e1llatfaj, korcsoport ig\u00e9nyeihez igazodik \u00e9s megfelel az \u00e1llattart\u00f3 telep takarm\u00e1nykioszt\u00f3 technol\u00f3gi\u00e1j\u00e1nak.<\/p>\n\n\n\n<p>A takarm\u00e1nykever\u0151 \u00fczem berendez\u00e9sei m\u00e1r nem szolg\u00e1lt\u00e1k a j\u00f3 min\u0151s\u00e9g\u0171 takarm\u00e1ny gy\u00e1rt\u00e1st. A teljes \u00fczemi technol\u00f3gia \u00e1talak\u00edt\u00e1s\u00e1val tudtuk moderniz\u00e1lni az el\u0151\u00e1ll\u00edt\u00e1si folyamatot, valamint n\u00f6velt\u00fck az el\u0151\u00e1ll\u00edtott takarm\u00e1ny min\u0151s\u00e9g\u00e9t, a gy\u00e1rt\u00e1si biztons\u00e1got, maxim\u00e1lisra emelve az \u00e1llatj\u00f3l\u00e9tet \u00e9s a j\u00e1rv\u00e1nyv\u00e9delmet. Ennek el\u00e9r\u00e9se \u00e9rdek\u00e9ben azonban meg kellett val\u00f3s\u00edtanunk egy komplex fejleszt\u00e9st. A komplex fejleszt\u00e9s tartalmazza az al\u00e1bbi beruh\u00e1z\u00e1sokat:<\/p>\n\n\n\n<p>A buttlerek t\u00f6lt\u00e9s\u00e9t az \u00e1llateg\u00e9szs\u00e9g\u00fcgyi \u00e9s j\u00e1rv\u00e1ny\u00fcgyi helyzet miatt, \u00e1t kellett alak\u00edtani, hogy a sert\u00e9stelepi takarm\u00e1ny kisz\u00e1ll\u00edt\u00f3 aut\u00f3 \u00fatj\u00e1t ne keresztezze. A t\u00e1rol\u00f3k t\u00f6lt\u00e9se 26 fm l\u00e1ncos sz\u00e1ll\u00edt\u00f3val, 2 m\u00e9teres be\u00f6ml\u0151 garattal, el\u0151tet\u0151vel ker\u00fcl kialak\u00edt\u00e1sra. A napi takarm\u00e1nyalapanyagok bet\u00e1rol\u00e1s\u00e1nak jav\u00edt\u00e1s\u00e1hoz sz\u00fcks\u00e9ges volt egy 2 m\u00e9teres garat, 10 fm l\u00e1ncos sz\u00e1ll\u00edt\u00f3val. Az eddigiekben a buttler t\u00e1rol\u00f3kb\u00f3l az utols\u00f3 300-400 tonn\u00e1t k\u00e9zi munkaer\u0151vel kellett kit\u00e1rolni, ennek kiv\u00e1lt\u00e1sa \u00e9rdek\u00e9ben 2 db bolyg\u00f3csiga ker\u00fclt beszerel\u00e9se. Egy 5,2 m-s, 20 t\/h n\u00e9vleges sz\u00e1ll\u00edt\u00f3teljes\u00edtm\u00e9nnyel, \u00e9s egy 5,9 m\u00e9teres, 20 t\/h n\u00e9vleges sz\u00e1ll\u00edt\u00f3teljes\u00edtm\u00e9nnyel b\u00edr\u00f3 sz\u00e1ll\u00edt\u00f3szalag ker\u00fclt be\u00fczemel\u00e9sre. A takarm\u00e1nykever\u0151 \u00fczem\u00fcnkben egy db hengersz\u00e9kes dar\u00e1l\u00f3 ker\u00fclt beszerz\u00e9se a dar\u00e1l\u00e1si kapacit\u00e1sok b\u0151v\u00edt\u00e9se \u00e9rdek\u00e9ben. Beszerz\u00e9sre ker\u00fclt egy tljesen automata g\u0151zfejleszt\u0151 be\u00e9p\u00edtett modul\u00e1ris f\u00f6ldg\u00e1z\u00e9g\u0151vel, aminek k\u00f6sz\u00f6nhet\u0151en a kisug\u00e1rz\u00e1si vesztes\u00e9g kevesebb, mint 0,2%, \u00edgy 98%-os hat\u00e1sfok. Az \u00e9lelmiszerhigi\u00e9nia, azaz az \u00e1llatj\u00f3l\u00e9t n\u00f6veked\u00e9se \u00e9rdek\u00e9ben, sz\u00fcks\u00e9ges volt be\u00e9p\u00edteni egy higieniz\u00e1l\u00f3 berendez\u00e9st is. A takarm\u00e1nykever\u0151 \u00fczemben a k\u00e9tf\u00e9le vez\u00e9rl\u0151 egys\u00e9g \u00f6sszekapcsol\u00e1sra ker\u00fclt. A folyamatir\u00e1ny\u00edt\u00f3 rendszer m\u0171k\u00f6d\u00e9s\u00e9hez szint\u00e9rz\u00e9kel\u0151k, helyzetjelz\u0151k, forg\u00e1s\u00e9rz\u00e9kel\u0151k be\u00e9p\u00edt\u00e9se\/cser\u00e9je volt sz\u00fcks\u00e9ges a tart\u00e1lyokba illetve a tol\u00f3z\u00e1rakra-v\u00e1lt\u00f3kra.<\/p>\n\n\n\n<p>Projekt c\u00edme: Takarm\u00e1nykever\u0151 \u00fczem komplex fejleszt\u00e9se a Tedej Zrt.-n\u00e9l<\/p>\n\n\n\n<p>Tervezett befejez\u00e9s: 2024.04.25.<\/p>\n\n\n\n<p>T\u00e1mogat\u00e1s intenzit\u00e1sa: 50%<\/p>\n","protected":false},"excerpt":{"rendered":"<p>A Tedej Zrt. (tov\u00e1bbiakban: T\u00e1rsas\u00e1g) VP3-4.2.1.3-21 \u201eTakarm\u00e1ny el\u0151\u00e1ll\u00edt\u00f3 \u00fczemek fejleszt\u00e9s\u00e9nek t\u00e1mogat\u00e1sa\u201d c\u00edm\u0171 p\u00e1ly\u00e1zati ki\u00edr\u00e1s keret\u00e9ben 88,144 milli\u00f3 Ft vissza nem t\u00e9r\u00edtend\u0151 eur\u00f3pai uni\u00f3s t\u00e1mogat\u00e1sban r\u00e9szes\u00fclt. A projekt c\u00e9lja az elavult takarm\u00e1nykever\u0151 \u00fczem\u00e9nek komplex fejleszt\u00e9se, melynek eredm\u00e9nyek\u00e9nt n\u00f6velhet\u0151 a j\u00f3 min\u0151s\u00e9g\u0171 takarm\u00e1ny el\u0151\u00e1ll\u00edt\u00e1s hat\u00e9konys\u00e1ga, cs\u00f6kkentve a k\u00f6rnyezett terhel\u00e9st \u00e9s az \u00e9l\u0151munka felhaszn\u00e1l\u00e1st, jav\u00edtva a fajlagos takarm\u00e1ny [&hellip;]<\/p>\n","protected":false},"author":4,"featured_media":0,"parent":868,"menu_order":0,"comment_status":"closed","ping_status":"closed","template":"","meta":{"footnotes":""},"class_list":["post-1236","page","type-page","status-publish","hentry"],"_links":{"self":[{"href":"https:\/\/www.tedejrt.hu\/index.php?rest_route=\/wp\/v2\/pages\/1236","targetHints":{"allow":["GET"]}}],"collection":[{"href":"https:\/\/www.tedejrt.hu\/index.php?rest_route=\/wp\/v2\/pages"}],"about":[{"href":"https:\/\/www.tedejrt.hu\/index.php?rest_route=\/wp\/v2\/types\/page"}],"author":[{"embeddable":true,"href":"https:\/\/www.tedejrt.hu\/index.php?rest_route=\/wp\/v2\/users\/4"}],"replies":[{"embeddable":true,"href":"https:\/\/www.tedejrt.hu\/index.php?rest_route=%2Fwp%2Fv2%2Fcomments&post=1236"}],"version-history":[{"count":4,"href":"https:\/\/www.tedejrt.hu\/index.php?rest_route=\/wp\/v2\/pages\/1236\/revisions"}],"predecessor-version":[{"id":1247,"href":"https:\/\/www.tedejrt.hu\/index.php?rest_route=\/wp\/v2\/pages\/1236\/revisions\/1247"}],"up":[{"embeddable":true,"href":"https:\/\/www.tedejrt.hu\/index.php?rest_route=\/wp\/v2\/pages\/868"}],"wp:attachment":[{"href":"https:\/\/www.tedejrt.hu\/index.php?rest_route=%2Fwp%2Fv2%2Fmedia&parent=1236"}],"curies":[{"name":"wp","href":"https:\/\/api.w.org\/{rel}","templated":true}]}}