{"id":115,"date":"2011-12-20T10:04:00","date_gmt":"2011-12-20T10:04:00","guid":{"rendered":"http:\/\/www.tedejrt.s16.webtar.hu\/?page_id=115"},"modified":"2021-07-14T09:39:24","modified_gmt":"2021-07-14T09:39:24","slug":"cegadatok","status":"publish","type":"page","link":"https:\/\/www.tedejrt.hu\/?page_id=115","title":{"rendered":"C\u00e9gadatok"},"content":{"rendered":"<div>\n<p style=\"text-align: justify;\"><strong>Sz\u00e9khely:<br \/>\n<\/strong>4085 Hajd\u00fan\u00e1n\u00e1s-Tedej, F\u0151 \u00fat 9.<br \/>\nTel: 52\/570-333<br \/>\nFax: 52\/570-340<br \/>\ne-mail: &#116;&#x65;&#x64;e&#106;&#x72;t&#64;&#x74;e&#100;&#x65;j&#114;&#x74;&#x2e;&#104;&#x75;<br \/>\nVez\u00e9rigazgat\u00f3: B\u00f3di L\u00e1szl\u00f3<\/p>\n<p style=\"text-align: justify;\"><strong>C\u00e9gcsoport:<br \/>\n<\/strong>TEDEJ Zrt.<br \/>\nTedej-Befektet\u0151 Kft.<br \/>\nTedej-T\u00e1p Kft.<br \/>\nG\u00c1Z-KOMFORT Kft.<br \/>\nPuszta-V\u00edz Kft.<br \/>\n\u00c9szakhajd\u00fas\u00e1gi Beruh\u00e1z\u00f3 Zrt.<br \/>\nMBO Befektet\u0151 Kft.<br \/>\nTEDEJ FOM\u00dc Kft.<br \/>\nK+F Innov\u00e1ci\u00f3s K\u00f6zpont Kft.<br \/>\nZ\u00f6ldhalom Kft.<br \/>\nTedej-G\u00e9p Kft.<br \/>\nHajd\u00fas\u00e1gi Agr\u00e1rgazdas\u00e1gi Kft.<br \/>\nTedej Busz Kft.<br \/>\nL\u00f3nya Tejtermel\u0151 Kft.<\/p>\n<\/div>\n","protected":false},"excerpt":{"rendered":"<p>Sz\u00e9khely: 4085 Hajd\u00fan\u00e1n\u00e1s-Tedej, F\u0151 \u00fat 9. Tel: 52\/570-333 Fax: 52\/570-340 e-mail: &#x74;&#x65;&#100;e&#x6a;&#x72;&#116;&#64;t&#x65;&#x64;&#101;j&#x72;&#x74;&#46;&#104;u Vez\u00e9rigazgat\u00f3: B\u00f3di L\u00e1szl\u00f3 C\u00e9gcsoport: TEDEJ Zrt. Tedej-Befektet\u0151 Kft. Tedej-T\u00e1p Kft. G\u00c1Z-KOMFORT Kft. Puszta-V\u00edz Kft. \u00c9szakhajd\u00fas\u00e1gi Beruh\u00e1z\u00f3 Zrt. MBO Befektet\u0151 Kft. TEDEJ FOM\u00dc Kft. K+F Innov\u00e1ci\u00f3s K\u00f6zpont Kft. Z\u00f6ldhalom Kft. Tedej-G\u00e9p Kft. Hajd\u00fas\u00e1gi Agr\u00e1rgazdas\u00e1gi Kft. Tedej Busz Kft. L\u00f3nya Tejtermel\u0151 Kft.<\/p>\n","protected":false},"author":4,"featured_media":0,"parent":0,"menu_order":0,"comment_status":"closed","ping_status":"open","template":"","meta":{"footnotes":""},"class_list":["post-115","page","type-page","status-publish","hentry"],"_links":{"self":[{"href":"https:\/\/www.tedejrt.hu\/index.php?rest_route=\/wp\/v2\/pages\/115","targetHints":{"allow":["GET"]}}],"collection":[{"href":"https:\/\/www.tedejrt.hu\/index.php?rest_route=\/wp\/v2\/pages"}],"about":[{"href":"https:\/\/www.tedejrt.hu\/index.php?rest_route=\/wp\/v2\/types\/page"}],"author":[{"embeddable":true,"href":"https:\/\/www.tedejrt.hu\/index.php?rest_route=\/wp\/v2\/users\/4"}],"replies":[{"embeddable":true,"href":"https:\/\/www.tedejrt.hu\/index.php?rest_route=%2Fwp%2Fv2%2Fcomments&post=115"}],"version-history":[{"count":14,"href":"https:\/\/www.tedejrt.hu\/index.php?rest_route=\/wp\/v2\/pages\/115\/revisions"}],"predecessor-version":[{"id":1143,"href":"https:\/\/www.tedejrt.hu\/index.php?rest_route=\/wp\/v2\/pages\/115\/revisions\/1143"}],"wp:attachment":[{"href":"https:\/\/www.tedejrt.hu\/index.php?rest_route=%2Fwp%2Fv2%2Fmedia&parent=115"}],"curies":[{"name":"wp","href":"https:\/\/api.w.org\/{rel}","templated":true}]}}